{"id":185,"date":"2018-05-10T18:10:59","date_gmt":"2018-05-10T18:10:59","guid":{"rendered":"http:\/\/leo-vom-castellum-muetal.de\/?page_id=185"},"modified":"2018-05-21T10:17:50","modified_gmt":"2018-05-21T10:17:50","slug":"5-woche","status":"publish","type":"page","link":"http:\/\/leo-vom-castellum-muetal.de\/?page_id=185","title":{"rendered":"5. Woche"},"content":{"rendered":"<p style=\"text-align: center;\"><strong><span style=\"font-family: comic sans ms,sans-serif; font-size: 18pt;\">14. Mai 2018<\/span><\/strong><\/p>\n<p><span style=\"font-family: comic sans ms,sans-serif;\">Jetzt zieht wieder Normalit\u00e4t ein. Mama besucht uns im Welpenauslauf so oft es geht. Wir m\u00fcssen uns schlie\u00dflich auch ab und zu ausruhen.<\/span><\/p>\n<p><img loading=\"lazy\" class=\"alignleft wp-image-214\" src=\"http:\/\/leo-vom-castellum-muetal.de\/wp-content\/uploads\/2018\/05\/20180514_143437-300x169.jpg\" alt=\"\" width=\"389\" height=\"219\" srcset=\"http:\/\/leo-vom-castellum-muetal.de\/wp-content\/uploads\/2018\/05\/20180514_143437-300x169.jpg 300w, http:\/\/leo-vom-castellum-muetal.de\/wp-content\/uploads\/2018\/05\/20180514_143437-768x432.jpg 768w, http:\/\/leo-vom-castellum-muetal.de\/wp-content\/uploads\/2018\/05\/20180514_143437-1024x576.jpg 1024w, http:\/\/leo-vom-castellum-muetal.de\/wp-content\/uploads\/2018\/05\/20180514_143437-1200x675.jpg 1200w\" sizes=\"(max-width: 389px) 85vw, 389px\" \/> <img loading=\"lazy\" class=\"alignnone wp-image-215\" src=\"http:\/\/leo-vom-castellum-muetal.de\/wp-content\/uploads\/2018\/05\/20180514_143126-300x169.jpg\" alt=\"\" width=\"389\" height=\"219\" srcset=\"http:\/\/leo-vom-castellum-muetal.de\/wp-content\/uploads\/2018\/05\/20180514_143126-300x169.jpg 300w, http:\/\/leo-vom-castellum-muetal.de\/wp-content\/uploads\/2018\/05\/20180514_143126-768x432.jpg 768w, http:\/\/leo-vom-castellum-muetal.de\/wp-content\/uploads\/2018\/05\/20180514_143126-1024x576.jpg 1024w, http:\/\/leo-vom-castellum-muetal.de\/wp-content\/uploads\/2018\/05\/20180514_143126-1200x675.jpg 1200w\" sizes=\"(max-width: 389px) 85vw, 389px\" \/> <img loading=\"lazy\" class=\"wp-image-216 alignleft\" src=\"http:\/\/leo-vom-castellum-muetal.de\/wp-content\/uploads\/2018\/05\/20180514_142452-300x169.jpg\" alt=\"\" width=\"389\" height=\"219\" srcset=\"http:\/\/leo-vom-castellum-muetal.de\/wp-content\/uploads\/2018\/05\/20180514_142452-300x169.jpg 300w, http:\/\/leo-vom-castellum-muetal.de\/wp-content\/uploads\/2018\/05\/20180514_142452-768x432.jpg 768w, http:\/\/leo-vom-castellum-muetal.de\/wp-content\/uploads\/2018\/05\/20180514_142452-1024x576.jpg 1024w, http:\/\/leo-vom-castellum-muetal.de\/wp-content\/uploads\/2018\/05\/20180514_142452-1200x675.jpg 1200w\" sizes=\"(max-width: 389px) 85vw, 389px\" \/><\/p>\n<p style=\"text-align: center;\"><strong><span style=\"font-family: comic sans ms,sans-serif; font-size: 18pt;\">13. Mai 2018<\/span><\/strong><\/p>\n<p><span style=\"font-family: comic sans ms,sans-serif;\">Der Papa Coudy Goldenleon war heute zu Besuch. Wir waren m\u00e4chtig aufgeregt. Mama hat immer auf uns aufgepasst.<\/span><\/p>\n<p><img loading=\"lazy\" class=\"alignleft wp-image-206\" src=\"http:\/\/leo-vom-castellum-muetal.de\/wp-content\/uploads\/2018\/05\/IMG_2161-300x200.jpg\" alt=\"\" width=\"389\" height=\"259\" srcset=\"http:\/\/leo-vom-castellum-muetal.de\/wp-content\/uploads\/2018\/05\/IMG_2161-300x200.jpg 300w, http:\/\/leo-vom-castellum-muetal.de\/wp-content\/uploads\/2018\/05\/IMG_2161-768x512.jpg 768w, http:\/\/leo-vom-castellum-muetal.de\/wp-content\/uploads\/2018\/05\/IMG_2161-1024x683.jpg 1024w, http:\/\/leo-vom-castellum-muetal.de\/wp-content\/uploads\/2018\/05\/IMG_2161-1200x800.jpg 1200w\" sizes=\"(max-width: 389px) 85vw, 389px\" \/> <img loading=\"lazy\" class=\"alignright wp-image-207\" src=\"http:\/\/leo-vom-castellum-muetal.de\/wp-content\/uploads\/2018\/05\/IMG_2164-300x200.jpg\" alt=\"\" width=\"389\" height=\"259\" srcset=\"http:\/\/leo-vom-castellum-muetal.de\/wp-content\/uploads\/2018\/05\/IMG_2164-300x200.jpg 300w, http:\/\/leo-vom-castellum-muetal.de\/wp-content\/uploads\/2018\/05\/IMG_2164-768x512.jpg 768w, http:\/\/leo-vom-castellum-muetal.de\/wp-content\/uploads\/2018\/05\/IMG_2164-1024x683.jpg 1024w, http:\/\/leo-vom-castellum-muetal.de\/wp-content\/uploads\/2018\/05\/IMG_2164-1200x800.jpg 1200w\" sizes=\"(max-width: 389px) 85vw, 389px\" \/> <img loading=\"lazy\" class=\"alignleft wp-image-208\" src=\"http:\/\/leo-vom-castellum-muetal.de\/wp-content\/uploads\/2018\/05\/IMG_2166-300x200.jpg\" alt=\"\" width=\"389\" height=\"259\" srcset=\"http:\/\/leo-vom-castellum-muetal.de\/wp-content\/uploads\/2018\/05\/IMG_2166-300x200.jpg 300w, http:\/\/leo-vom-castellum-muetal.de\/wp-content\/uploads\/2018\/05\/IMG_2166-768x512.jpg 768w, http:\/\/leo-vom-castellum-muetal.de\/wp-content\/uploads\/2018\/05\/IMG_2166-1024x683.jpg 1024w, http:\/\/leo-vom-castellum-muetal.de\/wp-content\/uploads\/2018\/05\/IMG_2166-1200x800.jpg 1200w\" sizes=\"(max-width: 389px) 85vw, 389px\" \/> <img loading=\"lazy\" class=\"alignright wp-image-209\" src=\"http:\/\/leo-vom-castellum-muetal.de\/wp-content\/uploads\/2018\/05\/IMG_2176-300x200.jpg\" alt=\"\" width=\"389\" height=\"259\" srcset=\"http:\/\/leo-vom-castellum-muetal.de\/wp-content\/uploads\/2018\/05\/IMG_2176-300x200.jpg 300w, http:\/\/leo-vom-castellum-muetal.de\/wp-content\/uploads\/2018\/05\/IMG_2176-768x512.jpg 768w, http:\/\/leo-vom-castellum-muetal.de\/wp-content\/uploads\/2018\/05\/IMG_2176-1024x683.jpg 1024w, http:\/\/leo-vom-castellum-muetal.de\/wp-content\/uploads\/2018\/05\/IMG_2176-1200x800.jpg 1200w\" sizes=\"(max-width: 389px) 85vw, 389px\" \/> <img loading=\"lazy\" class=\"alignleft wp-image-210\" src=\"http:\/\/leo-vom-castellum-muetal.de\/wp-content\/uploads\/2018\/05\/IMG_2179-300x200.jpg\" alt=\"\" width=\"389\" height=\"259\" srcset=\"http:\/\/leo-vom-castellum-muetal.de\/wp-content\/uploads\/2018\/05\/IMG_2179-300x200.jpg 300w, http:\/\/leo-vom-castellum-muetal.de\/wp-content\/uploads\/2018\/05\/IMG_2179-768x512.jpg 768w, http:\/\/leo-vom-castellum-muetal.de\/wp-content\/uploads\/2018\/05\/IMG_2179-1024x683.jpg 1024w, http:\/\/leo-vom-castellum-muetal.de\/wp-content\/uploads\/2018\/05\/IMG_2179-1200x800.jpg 1200w\" sizes=\"(max-width: 389px) 85vw, 389px\" \/> <img loading=\"lazy\" class=\"alignright wp-image-211\" src=\"http:\/\/leo-vom-castellum-muetal.de\/wp-content\/uploads\/2018\/05\/IMG_2182-300x200.jpg\" alt=\"\" width=\"389\" height=\"259\" srcset=\"http:\/\/leo-vom-castellum-muetal.de\/wp-content\/uploads\/2018\/05\/IMG_2182-300x200.jpg 300w, http:\/\/leo-vom-castellum-muetal.de\/wp-content\/uploads\/2018\/05\/IMG_2182-768x512.jpg 768w, http:\/\/leo-vom-castellum-muetal.de\/wp-content\/uploads\/2018\/05\/IMG_2182-1024x683.jpg 1024w, http:\/\/leo-vom-castellum-muetal.de\/wp-content\/uploads\/2018\/05\/IMG_2182-1200x800.jpg 1200w\" sizes=\"(max-width: 389px) 85vw, 389px\" \/><\/p>\n<p style=\"text-align: center;\"><strong><span style=\"font-family: comic sans ms,sans-serif; font-size: 18pt;\">11. Mai 2018<\/span><\/strong><\/p>\n<p><span style=\"font-family: comic sans ms,sans-serif;\">Wir haben da sowas komisches auf unseren Spielplatz gestellt bekommen.<\/span><\/p>\n<p><img loading=\"lazy\" class=\"alignleft wp-image-201\" src=\"http:\/\/leo-vom-castellum-muetal.de\/wp-content\/uploads\/2018\/05\/IMG_2142-300x200.jpg\" alt=\"\" width=\"389\" height=\"259\" srcset=\"http:\/\/leo-vom-castellum-muetal.de\/wp-content\/uploads\/2018\/05\/IMG_2142-300x200.jpg 300w, http:\/\/leo-vom-castellum-muetal.de\/wp-content\/uploads\/2018\/05\/IMG_2142-768x512.jpg 768w, http:\/\/leo-vom-castellum-muetal.de\/wp-content\/uploads\/2018\/05\/IMG_2142-1024x683.jpg 1024w, http:\/\/leo-vom-castellum-muetal.de\/wp-content\/uploads\/2018\/05\/IMG_2142-1200x800.jpg 1200w\" sizes=\"(max-width: 389px) 85vw, 389px\" \/> <img loading=\"lazy\" class=\"alignright wp-image-202\" src=\"http:\/\/leo-vom-castellum-muetal.de\/wp-content\/uploads\/2018\/05\/IMG_2141-300x200.jpg\" alt=\"\" width=\"389\" height=\"259\" srcset=\"http:\/\/leo-vom-castellum-muetal.de\/wp-content\/uploads\/2018\/05\/IMG_2141-300x200.jpg 300w, http:\/\/leo-vom-castellum-muetal.de\/wp-content\/uploads\/2018\/05\/IMG_2141-768x512.jpg 768w, http:\/\/leo-vom-castellum-muetal.de\/wp-content\/uploads\/2018\/05\/IMG_2141-1024x683.jpg 1024w, http:\/\/leo-vom-castellum-muetal.de\/wp-content\/uploads\/2018\/05\/IMG_2141-1200x800.jpg 1200w\" sizes=\"(max-width: 389px) 85vw, 389px\" \/> <img loading=\"lazy\" class=\"alignleft wp-image-203\" src=\"http:\/\/leo-vom-castellum-muetal.de\/wp-content\/uploads\/2018\/05\/IMG_2139-300x200.jpg\" alt=\"\" width=\"389\" height=\"259\" srcset=\"http:\/\/leo-vom-castellum-muetal.de\/wp-content\/uploads\/2018\/05\/IMG_2139-300x200.jpg 300w, http:\/\/leo-vom-castellum-muetal.de\/wp-content\/uploads\/2018\/05\/IMG_2139-768x512.jpg 768w, http:\/\/leo-vom-castellum-muetal.de\/wp-content\/uploads\/2018\/05\/IMG_2139-1024x683.jpg 1024w, http:\/\/leo-vom-castellum-muetal.de\/wp-content\/uploads\/2018\/05\/IMG_2139-1200x800.jpg 1200w\" sizes=\"(max-width: 389px) 85vw, 389px\" \/> <img loading=\"lazy\" class=\"alignright wp-image-204\" src=\"http:\/\/leo-vom-castellum-muetal.de\/wp-content\/uploads\/2018\/05\/IMG_2138-300x200.jpg\" alt=\"\" width=\"389\" height=\"259\" srcset=\"http:\/\/leo-vom-castellum-muetal.de\/wp-content\/uploads\/2018\/05\/IMG_2138-300x200.jpg 300w, http:\/\/leo-vom-castellum-muetal.de\/wp-content\/uploads\/2018\/05\/IMG_2138-768x512.jpg 768w, http:\/\/leo-vom-castellum-muetal.de\/wp-content\/uploads\/2018\/05\/IMG_2138-1024x683.jpg 1024w, http:\/\/leo-vom-castellum-muetal.de\/wp-content\/uploads\/2018\/05\/IMG_2138-1200x800.jpg 1200w\" sizes=\"(max-width: 389px) 85vw, 389px\" \/><\/p>\n<p>&nbsp;<\/p>\n<p style=\"text-align: center;\"><span style=\"font-family: comic sans ms,sans-serif; font-size: 18pt;\"><strong>10. Mai 2018<\/strong><\/span><\/p>\n<p><span style=\"font-family: comic sans ms,sans-serif;\">Wir haben alle \u00fcberzeugt. M\u00e4nnertag &#8211; alle frei &#8211; sch\u00f6nes Wetter &#8211; Welpenauslauf ist angekommen &#8211; was gibt es da f\u00fcr Fragen. Videos sagen wie immer mehr als Bilder und Worte. Es war wunderbar &#8211; f\u00fcr alle.<\/span><\/p>\n<div style=\"width: 640px;\" class=\"wp-video\"><!--[if lt IE 9]><script>document.createElement('video');<\/script><![endif]-->\n<video class=\"wp-video-shortcode\" id=\"video-185-1\" width=\"640\" height=\"352\" preload=\"metadata\" controls=\"controls\"><source type=\"video\/mp4\" src=\"http:\/\/leo-vom-castellum-muetal.de\/wp-content\/uploads\/2018\/05\/VID-20180510-WA0001.mp4?_=1\" \/><a href=\"http:\/\/leo-vom-castellum-muetal.de\/wp-content\/uploads\/2018\/05\/VID-20180510-WA0001.mp4\">http:\/\/leo-vom-castellum-muetal.de\/wp-content\/uploads\/2018\/05\/VID-20180510-WA0001.mp4<\/a><\/video><\/div>\n<div style=\"width: 640px;\" class=\"wp-video\"><video class=\"wp-video-shortcode\" id=\"video-185-2\" width=\"640\" height=\"352\" preload=\"metadata\" controls=\"controls\"><source type=\"video\/mp4\" src=\"http:\/\/leo-vom-castellum-muetal.de\/wp-content\/uploads\/2018\/05\/VID-20180510-WA0003.mp4?_=2\" \/><a href=\"http:\/\/leo-vom-castellum-muetal.de\/wp-content\/uploads\/2018\/05\/VID-20180510-WA0003.mp4\">http:\/\/leo-vom-castellum-muetal.de\/wp-content\/uploads\/2018\/05\/VID-20180510-WA0003.mp4<\/a><\/video><\/div>\n<p><img loading=\"lazy\" class=\"alignleft wp-image-192\" src=\"http:\/\/leo-vom-castellum-muetal.de\/wp-content\/uploads\/2018\/05\/20180510_122531-300x169.jpg\" alt=\"\" width=\"389\" height=\"219\" srcset=\"http:\/\/leo-vom-castellum-muetal.de\/wp-content\/uploads\/2018\/05\/20180510_122531-300x169.jpg 300w, http:\/\/leo-vom-castellum-muetal.de\/wp-content\/uploads\/2018\/05\/20180510_122531-768x432.jpg 768w, http:\/\/leo-vom-castellum-muetal.de\/wp-content\/uploads\/2018\/05\/20180510_122531-1024x576.jpg 1024w, http:\/\/leo-vom-castellum-muetal.de\/wp-content\/uploads\/2018\/05\/20180510_122531-1200x675.jpg 1200w\" sizes=\"(max-width: 389px) 85vw, 389px\" \/> <img loading=\"lazy\" class=\"alignright wp-image-193\" src=\"http:\/\/leo-vom-castellum-muetal.de\/wp-content\/uploads\/2018\/05\/20180510_122524-300x169.jpg\" alt=\"\" width=\"389\" height=\"219\" srcset=\"http:\/\/leo-vom-castellum-muetal.de\/wp-content\/uploads\/2018\/05\/20180510_122524-300x169.jpg 300w, http:\/\/leo-vom-castellum-muetal.de\/wp-content\/uploads\/2018\/05\/20180510_122524-768x432.jpg 768w, http:\/\/leo-vom-castellum-muetal.de\/wp-content\/uploads\/2018\/05\/20180510_122524-1024x576.jpg 1024w, http:\/\/leo-vom-castellum-muetal.de\/wp-content\/uploads\/2018\/05\/20180510_122524-1200x675.jpg 1200w\" sizes=\"(max-width: 389px) 85vw, 389px\" \/> <img loading=\"lazy\" class=\"alignleft wp-image-194\" src=\"http:\/\/leo-vom-castellum-muetal.de\/wp-content\/uploads\/2018\/05\/20180510_122521-300x169.jpg\" alt=\"\" width=\"389\" height=\"219\" srcset=\"http:\/\/leo-vom-castellum-muetal.de\/wp-content\/uploads\/2018\/05\/20180510_122521-300x169.jpg 300w, http:\/\/leo-vom-castellum-muetal.de\/wp-content\/uploads\/2018\/05\/20180510_122521-768x432.jpg 768w, http:\/\/leo-vom-castellum-muetal.de\/wp-content\/uploads\/2018\/05\/20180510_122521-1024x576.jpg 1024w, http:\/\/leo-vom-castellum-muetal.de\/wp-content\/uploads\/2018\/05\/20180510_122521-1200x675.jpg 1200w\" sizes=\"(max-width: 389px) 85vw, 389px\" \/> <img loading=\"lazy\" class=\"alignright wp-image-195\" src=\"http:\/\/leo-vom-castellum-muetal.de\/wp-content\/uploads\/2018\/05\/20180510_122156-300x169.jpg\" alt=\"\" width=\"389\" height=\"219\" srcset=\"http:\/\/leo-vom-castellum-muetal.de\/wp-content\/uploads\/2018\/05\/20180510_122156-300x169.jpg 300w, http:\/\/leo-vom-castellum-muetal.de\/wp-content\/uploads\/2018\/05\/20180510_122156-768x432.jpg 768w, http:\/\/leo-vom-castellum-muetal.de\/wp-content\/uploads\/2018\/05\/20180510_122156-1024x576.jpg 1024w, http:\/\/leo-vom-castellum-muetal.de\/wp-content\/uploads\/2018\/05\/20180510_122156-1200x675.jpg 1200w\" sizes=\"(max-width: 389px) 85vw, 389px\" \/> <img loading=\"lazy\" class=\"alignleft wp-image-196\" src=\"http:\/\/leo-vom-castellum-muetal.de\/wp-content\/uploads\/2018\/05\/20180510_122132-300x169.jpg\" alt=\"\" width=\"389\" height=\"219\" srcset=\"http:\/\/leo-vom-castellum-muetal.de\/wp-content\/uploads\/2018\/05\/20180510_122132-300x169.jpg 300w, http:\/\/leo-vom-castellum-muetal.de\/wp-content\/uploads\/2018\/05\/20180510_122132-768x432.jpg 768w, http:\/\/leo-vom-castellum-muetal.de\/wp-content\/uploads\/2018\/05\/20180510_122132-1024x576.jpg 1024w, http:\/\/leo-vom-castellum-muetal.de\/wp-content\/uploads\/2018\/05\/20180510_122132-1200x675.jpg 1200w\" sizes=\"(max-width: 389px) 85vw, 389px\" \/><\/p>\n","protected":false},"excerpt":{"rendered":"<p>14. Mai 2018 Jetzt zieht wieder Normalit\u00e4t ein. Mama besucht uns im Welpenauslauf so oft es geht. Wir m\u00fcssen uns schlie\u00dflich auch ab und zu ausruhen. 13. Mai 2018 Der Papa Coudy Goldenleon war heute zu Besuch. Wir waren m\u00e4chtig aufgeregt. Mama hat immer auf uns aufgepasst. 11. Mai 2018 Wir haben da sowas komisches &hellip; <a href=\"http:\/\/leo-vom-castellum-muetal.de\/?page_id=185\" class=\"more-link\"><span class=\"screen-reader-text\">&#8222;5. Woche&#8220; <\/span>weiterlesen<\/a><\/p>\n","protected":false},"author":1,"featured_media":0,"parent":0,"menu_order":0,"comment_status":"closed","ping_status":"closed","template":"","meta":[],"_links":{"self":[{"href":"http:\/\/leo-vom-castellum-muetal.de\/index.php?rest_route=\/wp\/v2\/pages\/185"}],"collection":[{"href":"http:\/\/leo-vom-castellum-muetal.de\/index.php?rest_route=\/wp\/v2\/pages"}],"about":[{"href":"http:\/\/leo-vom-castellum-muetal.de\/index.php?rest_route=\/wp\/v2\/types\/page"}],"author":[{"embeddable":true,"href":"http:\/\/leo-vom-castellum-muetal.de\/index.php?rest_route=\/wp\/v2\/users\/1"}],"replies":[{"embeddable":true,"href":"http:\/\/leo-vom-castellum-muetal.de\/index.php?rest_route=%2Fwp%2Fv2%2Fcomments&post=185"}],"version-history":[{"count":6,"href":"http:\/\/leo-vom-castellum-muetal.de\/index.php?rest_route=\/wp\/v2\/pages\/185\/revisions"}],"predecessor-version":[{"id":217,"href":"http:\/\/leo-vom-castellum-muetal.de\/index.php?rest_route=\/wp\/v2\/pages\/185\/revisions\/217"}],"wp:attachment":[{"href":"http:\/\/leo-vom-castellum-muetal.de\/index.php?rest_route=%2Fwp%2Fv2%2Fmedia&parent=185"}],"curies":[{"name":"wp","href":"https:\/\/api.w.org\/{rel}","templated":true}]}}