{"id":251,"date":"2018-05-31T19:27:13","date_gmt":"2018-05-31T19:27:13","guid":{"rendered":"http:\/\/leo-vom-castellum-muetal.de\/?page_id=251"},"modified":"2018-06-08T20:12:18","modified_gmt":"2018-06-08T20:12:18","slug":"8-woche","status":"publish","type":"page","link":"http:\/\/leo-vom-castellum-muetal.de\/?page_id=251","title":{"rendered":"8. Woche"},"content":{"rendered":"<p style=\"text-align: center;\"><span style=\"font-family: comic sans ms,sans-serif; font-size: 18pt;\">04. Juni 2018<\/span><\/p>\n<p><span style=\"font-family: comic sans ms,sans-serif;\">Heute war bei den Zweibeinern Aufregung angesagt. Wir sollten zum Doc zum Impfen und Chippen &#8211; was soll das sein? Die Aufregung bestand darin, uns 12 Fellnasen nach Dresden zu fahren ohne das wir \u00fcberhitzen oder dann aus dem Auto springen. Also wurden wir auf zwei Autos aufgeteilt. Mama war nat\u00fcrlich dabei. Jaaaa &#8211; und dann kam das dicke Ende. Das tut weh dieses Impfen und Chippen. Zum Gl\u00fcck war alles nach 1 und einer Viertel Stunde vorbei. Wir fuhren nach Hause und waren schon auf der Fahrt v\u00f6llig breit. Jetzt sind wir registriert!!!<\/span><\/p>\n<p><span style=\"font-family: comic sans ms,sans-serif;\"><img loading=\"lazy\" class=\"aligncenter wp-image-262\" src=\"http:\/\/leo-vom-castellum-muetal.de\/wp-content\/uploads\/2018\/06\/20180604_204657-300x169.jpg\" alt=\"\" width=\"389\" height=\"219\" srcset=\"http:\/\/leo-vom-castellum-muetal.de\/wp-content\/uploads\/2018\/06\/20180604_204657-300x169.jpg 300w, http:\/\/leo-vom-castellum-muetal.de\/wp-content\/uploads\/2018\/06\/20180604_204657-768x432.jpg 768w, http:\/\/leo-vom-castellum-muetal.de\/wp-content\/uploads\/2018\/06\/20180604_204657-1024x576.jpg 1024w, http:\/\/leo-vom-castellum-muetal.de\/wp-content\/uploads\/2018\/06\/20180604_204657-1200x675.jpg 1200w\" sizes=\"(max-width: 389px) 85vw, 389px\" \/>Das n\u00e4chste Mal m\u00f6chten wir Einzelpl\u00e4tze im Auto.\u00a0<\/span><\/p>\n<p style=\"text-align: center;\"><span style=\"font-family: comic sans ms,sans-serif; font-size: 18pt;\">01. Juni 2018<\/span><\/p>\n<p><span style=\"font-family: comic sans ms,sans-serif;\">Ach \u00fcbrigens, es mu\u00df nicht immer ein Bad sein. Auf die Schnelle geht auch eine Dusche. Seht selbst.<\/span><\/p>\n<div style=\"width: 640px;\" class=\"wp-video\"><!--[if lt IE 9]><script>document.createElement('video');<\/script><![endif]-->\n<video class=\"wp-video-shortcode\" id=\"video-251-1\" width=\"640\" height=\"352\" preload=\"metadata\" controls=\"controls\"><source type=\"video\/mp4\" src=\"http:\/\/leo-vom-castellum-muetal.de\/wp-content\/uploads\/2018\/06\/VID-20180601-WA0000.mp4?_=1\" \/><a href=\"http:\/\/leo-vom-castellum-muetal.de\/wp-content\/uploads\/2018\/06\/VID-20180601-WA0000.mp4\">http:\/\/leo-vom-castellum-muetal.de\/wp-content\/uploads\/2018\/06\/VID-20180601-WA0000.mp4<\/a><\/video><\/div>\n<p style=\"text-align: center;\"><span style=\"font-family: comic sans ms,sans-serif; font-size: 18pt;\">31. Mai 2018<\/span><\/p>\n<p><span style=\"font-family: comic sans ms,sans-serif;\">Wie schon gesagt, jetzt lernen wir die wichtigen Dinge im Leben eines Leonbergers &#8211; wie Schuhe finden und wegschleppen, relaxen in jeder Situation. \u00dcbrigens &#8211; es mu\u00df nicht immer baden sein &#8211; es reicht auch duschen. Aber seht selbst.<\/span><\/p>\n<p><img loading=\"lazy\" class=\"alignnone size-medium wp-image-252\" src=\"http:\/\/leo-vom-castellum-muetal.de\/wp-content\/uploads\/2018\/05\/20180529_052328-300x274.jpg\" alt=\"\" width=\"300\" height=\"274\" srcset=\"http:\/\/leo-vom-castellum-muetal.de\/wp-content\/uploads\/2018\/05\/20180529_052328-300x274.jpg 300w, http:\/\/leo-vom-castellum-muetal.de\/wp-content\/uploads\/2018\/05\/20180529_052328-768x702.jpg 768w, http:\/\/leo-vom-castellum-muetal.de\/wp-content\/uploads\/2018\/05\/20180529_052328-1024x936.jpg 1024w, http:\/\/leo-vom-castellum-muetal.de\/wp-content\/uploads\/2018\/05\/20180529_052328-1200x1097.jpg 1200w\" sizes=\"(max-width: 300px) 85vw, 300px\" \/>\u00a0 <img loading=\"lazy\" class=\"alignleft wp-image-254\" src=\"http:\/\/leo-vom-castellum-muetal.de\/wp-content\/uploads\/2018\/05\/20180530_143809-300x169.jpg\" alt=\"\" width=\"389\" height=\"219\" srcset=\"http:\/\/leo-vom-castellum-muetal.de\/wp-content\/uploads\/2018\/05\/20180530_143809-300x169.jpg 300w, http:\/\/leo-vom-castellum-muetal.de\/wp-content\/uploads\/2018\/05\/20180530_143809-768x432.jpg 768w, http:\/\/leo-vom-castellum-muetal.de\/wp-content\/uploads\/2018\/05\/20180530_143809-1024x576.jpg 1024w, http:\/\/leo-vom-castellum-muetal.de\/wp-content\/uploads\/2018\/05\/20180530_143809-1200x675.jpg 1200w\" sizes=\"(max-width: 389px) 85vw, 389px\" \/> <img loading=\"lazy\" class=\"size-medium wp-image-253 alignnone\" src=\"http:\/\/leo-vom-castellum-muetal.de\/wp-content\/uploads\/2018\/05\/20180530_151017-169x300.jpg\" alt=\"\" width=\"169\" height=\"300\" srcset=\"http:\/\/leo-vom-castellum-muetal.de\/wp-content\/uploads\/2018\/05\/20180530_151017-169x300.jpg 169w, http:\/\/leo-vom-castellum-muetal.de\/wp-content\/uploads\/2018\/05\/20180530_151017-768x1365.jpg 768w, http:\/\/leo-vom-castellum-muetal.de\/wp-content\/uploads\/2018\/05\/20180530_151017-576x1024.jpg 576w, http:\/\/leo-vom-castellum-muetal.de\/wp-content\/uploads\/2018\/05\/20180530_151017-1200x2133.jpg 1200w\" sizes=\"(max-width: 169px) 85vw, 169px\" \/><img loading=\"lazy\" class=\"wp-image-255 alignleft\" src=\"http:\/\/leo-vom-castellum-muetal.de\/wp-content\/uploads\/2018\/05\/20180530_133952-300x169.jpg\" alt=\"\" width=\"389\" height=\"219\" srcset=\"http:\/\/leo-vom-castellum-muetal.de\/wp-content\/uploads\/2018\/05\/20180530_133952-300x169.jpg 300w, http:\/\/leo-vom-castellum-muetal.de\/wp-content\/uploads\/2018\/05\/20180530_133952-768x432.jpg 768w, http:\/\/leo-vom-castellum-muetal.de\/wp-content\/uploads\/2018\/05\/20180530_133952-1024x576.jpg 1024w, http:\/\/leo-vom-castellum-muetal.de\/wp-content\/uploads\/2018\/05\/20180530_133952-1200x675.jpg 1200w\" sizes=\"(max-width: 389px) 85vw, 389px\" \/><\/p>\n","protected":false},"excerpt":{"rendered":"<p>04. Juni 2018 Heute war bei den Zweibeinern Aufregung angesagt. Wir sollten zum Doc zum Impfen und Chippen &#8211; was soll das sein? Die Aufregung bestand darin, uns 12 Fellnasen nach Dresden zu fahren ohne das wir \u00fcberhitzen oder dann aus dem Auto springen. Also wurden wir auf zwei Autos aufgeteilt. Mama war nat\u00fcrlich dabei. &hellip; <a href=\"http:\/\/leo-vom-castellum-muetal.de\/?page_id=251\" class=\"more-link\"><span class=\"screen-reader-text\">&#8222;8. Woche&#8220; <\/span>weiterlesen<\/a><\/p>\n","protected":false},"author":1,"featured_media":0,"parent":0,"menu_order":0,"comment_status":"closed","ping_status":"closed","template":"","meta":[],"_links":{"self":[{"href":"http:\/\/leo-vom-castellum-muetal.de\/index.php?rest_route=\/wp\/v2\/pages\/251"}],"collection":[{"href":"http:\/\/leo-vom-castellum-muetal.de\/index.php?rest_route=\/wp\/v2\/pages"}],"about":[{"href":"http:\/\/leo-vom-castellum-muetal.de\/index.php?rest_route=\/wp\/v2\/types\/page"}],"author":[{"embeddable":true,"href":"http:\/\/leo-vom-castellum-muetal.de\/index.php?rest_route=\/wp\/v2\/users\/1"}],"replies":[{"embeddable":true,"href":"http:\/\/leo-vom-castellum-muetal.de\/index.php?rest_route=%2Fwp%2Fv2%2Fcomments&post=251"}],"version-history":[{"count":4,"href":"http:\/\/leo-vom-castellum-muetal.de\/index.php?rest_route=\/wp\/v2\/pages\/251\/revisions"}],"predecessor-version":[{"id":263,"href":"http:\/\/leo-vom-castellum-muetal.de\/index.php?rest_route=\/wp\/v2\/pages\/251\/revisions\/263"}],"wp:attachment":[{"href":"http:\/\/leo-vom-castellum-muetal.de\/index.php?rest_route=%2Fwp%2Fv2%2Fmedia&parent=251"}],"curies":[{"name":"wp","href":"https:\/\/api.w.org\/{rel}","templated":true}]}}