{"id":333,"date":"2018-07-08T16:15:48","date_gmt":"2018-07-08T16:15:48","guid":{"rendered":"http:\/\/leo-vom-castellum-muetal.de\/?page_id=333"},"modified":"2018-07-08T16:15:48","modified_gmt":"2018-07-08T16:15:48","slug":"13-woche","status":"publish","type":"page","link":"http:\/\/leo-vom-castellum-muetal.de\/?page_id=333","title":{"rendered":"13. Woche"},"content":{"rendered":"<p style=\"text-align: center;\"><span style=\"font-family: comic sans ms,sans-serif; font-size: 18pt;\">08. Juli 2018<\/span><\/p>\n<p><span style=\"font-family: comic sans ms,sans-serif;\">Diese Woche war gepr\u00e4gt von Training. Sauber sind wir schon sehr lange. Frauchen sagt, wir sind Waschmittel-Baby&#8217;s. Wir riechen immer danach. Ist aber auch sch\u00f6n. Dann war an der Leine laufen lernen angesagt und dann, dann\u00a0hat Mama uns etwas gezeigt.<\/span><\/p>\n<p><img loading=\"lazy\" class=\"size-medium wp-image-335 aligncenter\" src=\"http:\/\/leo-vom-castellum-muetal.de\/wp-content\/uploads\/2018\/07\/Abby-08.07.18-300x203.jpg\" alt=\"\" width=\"300\" height=\"203\" srcset=\"http:\/\/leo-vom-castellum-muetal.de\/wp-content\/uploads\/2018\/07\/Abby-08.07.18-300x203.jpg 300w, http:\/\/leo-vom-castellum-muetal.de\/wp-content\/uploads\/2018\/07\/Abby-08.07.18-768x518.jpg 768w, http:\/\/leo-vom-castellum-muetal.de\/wp-content\/uploads\/2018\/07\/Abby-08.07.18-1024x691.jpg 1024w, http:\/\/leo-vom-castellum-muetal.de\/wp-content\/uploads\/2018\/07\/Abby-08.07.18-1200x810.jpg 1200w\" sizes=\"(max-width: 300px) 85vw, 300px\" \/><span style=\"font-family: comic sans ms,sans-serif;\">Es soll ein &#8222;Rampentraining&#8220; sein. Wir sollen am Ende auf einer Rampe ins Auto laufen k\u00f6nnen. Mama hat es in ihrer Schwangerschaft sehr geholfen, da\u00df sie nicht ins Auto springen musste. Tja &#8211; und nun sind wir mal mit dem \u00dcben dran. Wir geben uns auch viel M\u00fche, um Mama eine Freude zu machen. Schlie\u00dflich hat sie wegen uns ihr tolles Fell erstmal abgelegt.<\/span><\/p>\n<figure id=\"attachment_336\" aria-describedby=\"caption-attachment-336\" style=\"width: 300px\" class=\"wp-caption alignright\"><img loading=\"lazy\" class=\"wp-image-336 size-medium\" src=\"http:\/\/leo-vom-castellum-muetal.de\/wp-content\/uploads\/2018\/07\/Arek08.07.18-300x211.jpg\" alt=\"\" width=\"300\" height=\"211\" srcset=\"http:\/\/leo-vom-castellum-muetal.de\/wp-content\/uploads\/2018\/07\/Arek08.07.18-300x211.jpg 300w, http:\/\/leo-vom-castellum-muetal.de\/wp-content\/uploads\/2018\/07\/Arek08.07.18-768x540.jpg 768w, http:\/\/leo-vom-castellum-muetal.de\/wp-content\/uploads\/2018\/07\/Arek08.07.18-1024x720.jpg 1024w, http:\/\/leo-vom-castellum-muetal.de\/wp-content\/uploads\/2018\/07\/Arek08.07.18-1200x844.jpg 1200w\" sizes=\"(max-width: 300px) 85vw, 300px\" \/><figcaption id=\"caption-attachment-336\" class=\"wp-caption-text\">Arek &#8211; mit K\u00e4se f\u00e4ngt man nicht nur M\u00e4use.<\/figcaption><\/figure>\n<p>&nbsp;<\/p>\n<figure id=\"attachment_337\" aria-describedby=\"caption-attachment-337\" style=\"width: 300px\" class=\"wp-caption alignleft\"><img loading=\"lazy\" class=\"wp-image-337 size-medium\" src=\"http:\/\/leo-vom-castellum-muetal.de\/wp-content\/uploads\/2018\/07\/Arek2-08.07.18-300x199.jpg\" alt=\"\" width=\"300\" height=\"199\" srcset=\"http:\/\/leo-vom-castellum-muetal.de\/wp-content\/uploads\/2018\/07\/Arek2-08.07.18-300x199.jpg 300w, http:\/\/leo-vom-castellum-muetal.de\/wp-content\/uploads\/2018\/07\/Arek2-08.07.18-768x509.jpg 768w, http:\/\/leo-vom-castellum-muetal.de\/wp-content\/uploads\/2018\/07\/Arek2-08.07.18-1024x679.jpg 1024w, http:\/\/leo-vom-castellum-muetal.de\/wp-content\/uploads\/2018\/07\/Arek2-08.07.18-1200x796.jpg 1200w\" sizes=\"(max-width: 300px) 85vw, 300px\" \/><figcaption id=\"caption-attachment-337\" class=\"wp-caption-text\">Arek voll konzentriert<\/figcaption><\/figure>\n<figure id=\"attachment_338\" aria-describedby=\"caption-attachment-338\" style=\"width: 300px\" class=\"wp-caption alignright\"><img loading=\"lazy\" class=\"wp-image-338 size-medium\" src=\"http:\/\/leo-vom-castellum-muetal.de\/wp-content\/uploads\/2018\/07\/Artur-08.07.18-300x217.jpg\" alt=\"\" width=\"300\" height=\"217\" srcset=\"http:\/\/leo-vom-castellum-muetal.de\/wp-content\/uploads\/2018\/07\/Artur-08.07.18-300x217.jpg 300w, http:\/\/leo-vom-castellum-muetal.de\/wp-content\/uploads\/2018\/07\/Artur-08.07.18-768x555.jpg 768w, http:\/\/leo-vom-castellum-muetal.de\/wp-content\/uploads\/2018\/07\/Artur-08.07.18-1024x741.jpg 1024w, http:\/\/leo-vom-castellum-muetal.de\/wp-content\/uploads\/2018\/07\/Artur-08.07.18-1200x868.jpg 1200w\" sizes=\"(max-width: 300px) 85vw, 300px\" \/><figcaption id=\"caption-attachment-338\" class=\"wp-caption-text\">Artur &#8211; K\u00e4se funktioniert auch bei ihm.<\/figcaption><\/figure>\n<figure id=\"attachment_339\" aria-describedby=\"caption-attachment-339\" style=\"width: 300px\" class=\"wp-caption alignleft\"><img loading=\"lazy\" class=\"wp-image-339 size-medium\" src=\"http:\/\/leo-vom-castellum-muetal.de\/wp-content\/uploads\/2018\/07\/Artur2-300x187.jpg\" alt=\"\" width=\"300\" height=\"187\" srcset=\"http:\/\/leo-vom-castellum-muetal.de\/wp-content\/uploads\/2018\/07\/Artur2-300x187.jpg 300w, http:\/\/leo-vom-castellum-muetal.de\/wp-content\/uploads\/2018\/07\/Artur2-768x479.jpg 768w, http:\/\/leo-vom-castellum-muetal.de\/wp-content\/uploads\/2018\/07\/Artur2-1024x638.jpg 1024w, http:\/\/leo-vom-castellum-muetal.de\/wp-content\/uploads\/2018\/07\/Artur2-1200x748.jpg 1200w\" sizes=\"(max-width: 300px) 85vw, 300px\" \/><figcaption id=\"caption-attachment-339\" class=\"wp-caption-text\">Artur &#8211; hat schon zugesehen.<\/figcaption><\/figure>\n<p>&nbsp;<\/p>\n<figure id=\"attachment_340\" aria-describedby=\"caption-attachment-340\" style=\"width: 300px\" class=\"wp-caption aligncenter\"><img loading=\"lazy\" class=\"wp-image-340 size-medium\" src=\"http:\/\/leo-vom-castellum-muetal.de\/wp-content\/uploads\/2018\/07\/Anna-08.07.18-300x208.jpg\" alt=\"\" width=\"300\" height=\"208\" srcset=\"http:\/\/leo-vom-castellum-muetal.de\/wp-content\/uploads\/2018\/07\/Anna-08.07.18-300x208.jpg 300w, http:\/\/leo-vom-castellum-muetal.de\/wp-content\/uploads\/2018\/07\/Anna-08.07.18-768x533.jpg 768w, http:\/\/leo-vom-castellum-muetal.de\/wp-content\/uploads\/2018\/07\/Anna-08.07.18-1024x710.jpg 1024w, http:\/\/leo-vom-castellum-muetal.de\/wp-content\/uploads\/2018\/07\/Anna-08.07.18-1200x832.jpg 1200w\" sizes=\"(max-width: 300px) 85vw, 300px\" \/><figcaption id=\"caption-attachment-340\" class=\"wp-caption-text\">Anna &#8211; Naturtalent.<\/figcaption><\/figure>\n<figure id=\"attachment_341\" aria-describedby=\"caption-attachment-341\" style=\"width: 300px\" class=\"wp-caption aligncenter\"><img loading=\"lazy\" class=\"wp-image-341 size-medium\" src=\"http:\/\/leo-vom-castellum-muetal.de\/wp-content\/uploads\/2018\/07\/Amy-08.07.18-300x181.jpg\" alt=\"\" width=\"300\" height=\"181\" srcset=\"http:\/\/leo-vom-castellum-muetal.de\/wp-content\/uploads\/2018\/07\/Amy-08.07.18-300x181.jpg 300w, http:\/\/leo-vom-castellum-muetal.de\/wp-content\/uploads\/2018\/07\/Amy-08.07.18-768x464.jpg 768w, http:\/\/leo-vom-castellum-muetal.de\/wp-content\/uploads\/2018\/07\/Amy-08.07.18-1024x619.jpg 1024w, http:\/\/leo-vom-castellum-muetal.de\/wp-content\/uploads\/2018\/07\/Amy-08.07.18-1200x726.jpg 1200w\" sizes=\"(max-width: 300px) 85vw, 300px\" \/><figcaption id=\"caption-attachment-341\" class=\"wp-caption-text\">Amy &#8211; wie ihre Schwester.<\/figcaption><\/figure>\n","protected":false},"excerpt":{"rendered":"<p>08. Juli 2018 Diese Woche war gepr\u00e4gt von Training. Sauber sind wir schon sehr lange. Frauchen sagt, wir sind Waschmittel-Baby&#8217;s. Wir riechen immer danach. Ist aber auch sch\u00f6n. Dann war an der Leine laufen lernen angesagt und dann, dann\u00a0hat Mama uns etwas gezeigt. Es soll ein &#8222;Rampentraining&#8220; sein. Wir sollen am Ende auf einer Rampe &hellip; <a href=\"http:\/\/leo-vom-castellum-muetal.de\/?page_id=333\" class=\"more-link\"><span class=\"screen-reader-text\">&#8222;13. Woche&#8220; <\/span>weiterlesen<\/a><\/p>\n","protected":false},"author":1,"featured_media":0,"parent":0,"menu_order":0,"comment_status":"closed","ping_status":"closed","template":"","meta":[],"_links":{"self":[{"href":"http:\/\/leo-vom-castellum-muetal.de\/index.php?rest_route=\/wp\/v2\/pages\/333"}],"collection":[{"href":"http:\/\/leo-vom-castellum-muetal.de\/index.php?rest_route=\/wp\/v2\/pages"}],"about":[{"href":"http:\/\/leo-vom-castellum-muetal.de\/index.php?rest_route=\/wp\/v2\/types\/page"}],"author":[{"embeddable":true,"href":"http:\/\/leo-vom-castellum-muetal.de\/index.php?rest_route=\/wp\/v2\/users\/1"}],"replies":[{"embeddable":true,"href":"http:\/\/leo-vom-castellum-muetal.de\/index.php?rest_route=%2Fwp%2Fv2%2Fcomments&post=333"}],"version-history":[{"count":5,"href":"http:\/\/leo-vom-castellum-muetal.de\/index.php?rest_route=\/wp\/v2\/pages\/333\/revisions"}],"predecessor-version":[{"id":345,"href":"http:\/\/leo-vom-castellum-muetal.de\/index.php?rest_route=\/wp\/v2\/pages\/333\/revisions\/345"}],"wp:attachment":[{"href":"http:\/\/leo-vom-castellum-muetal.de\/index.php?rest_route=%2Fwp%2Fv2%2Fmedia&parent=333"}],"curies":[{"name":"wp","href":"https:\/\/api.w.org\/{rel}","templated":true}]}}