{"id":347,"date":"2018-07-13T20:15:07","date_gmt":"2018-07-13T20:15:07","guid":{"rendered":"http:\/\/leo-vom-castellum-muetal.de\/?page_id=347"},"modified":"2018-07-15T15:42:59","modified_gmt":"2018-07-15T15:42:59","slug":"14-woche","status":"publish","type":"page","link":"http:\/\/leo-vom-castellum-muetal.de\/?page_id=347","title":{"rendered":"14. Woche"},"content":{"rendered":"<p style=\"text-align: center;\"><span style=\"font-family: comic sans ms,sans-serif; font-size: 18pt;\">15. Juli 2018<\/span><\/p>\n<p><span style=\"font-family: comic sans ms,sans-serif;\">Heute hie\u00df es, wir gehen zum Hundesport. Mama verschwindet da jeden Sonntag f\u00fcr ein paar Stunden und heute durften wir mit. Was da wohl gemacht wird?<\/span><\/p>\n<figure id=\"attachment_371\" aria-describedby=\"caption-attachment-371\" style=\"width: 300px\" class=\"wp-caption alignleft\"><img loading=\"lazy\" class=\"wp-image-371 size-medium\" src=\"http:\/\/leo-vom-castellum-muetal.de\/wp-content\/uploads\/2018\/07\/15.07.18-Hundesport1-300x183.jpg\" alt=\"\" width=\"300\" height=\"183\" srcset=\"http:\/\/leo-vom-castellum-muetal.de\/wp-content\/uploads\/2018\/07\/15.07.18-Hundesport1-300x183.jpg 300w, http:\/\/leo-vom-castellum-muetal.de\/wp-content\/uploads\/2018\/07\/15.07.18-Hundesport1-768x469.jpg 768w, http:\/\/leo-vom-castellum-muetal.de\/wp-content\/uploads\/2018\/07\/15.07.18-Hundesport1-1024x625.jpg 1024w, http:\/\/leo-vom-castellum-muetal.de\/wp-content\/uploads\/2018\/07\/15.07.18-Hundesport1-1200x732.jpg 1200w, http:\/\/leo-vom-castellum-muetal.de\/wp-content\/uploads\/2018\/07\/15.07.18-Hundesport1.jpg 1752w\" sizes=\"(max-width: 300px) 85vw, 300px\" \/><figcaption id=\"caption-attachment-371\" class=\"wp-caption-text\">Also erstmal auf eine gro\u00dfe Wiese. Mama wir koooomen.<\/figcaption><\/figure>\n<p><img loading=\"lazy\" class=\"size-medium wp-image-372 alignright\" src=\"http:\/\/leo-vom-castellum-muetal.de\/wp-content\/uploads\/2018\/07\/15.07.18-Hundesport2-300x179.jpg\" alt=\"\" width=\"300\" height=\"179\" srcset=\"http:\/\/leo-vom-castellum-muetal.de\/wp-content\/uploads\/2018\/07\/15.07.18-Hundesport2-300x179.jpg 300w, http:\/\/leo-vom-castellum-muetal.de\/wp-content\/uploads\/2018\/07\/15.07.18-Hundesport2-768x457.jpg 768w, http:\/\/leo-vom-castellum-muetal.de\/wp-content\/uploads\/2018\/07\/15.07.18-Hundesport2.jpg 925w\" sizes=\"(max-width: 300px) 85vw, 300px\" \/><\/p>\n<p>&nbsp;<\/p>\n<p>&nbsp;<\/p>\n<p>&nbsp;<\/p>\n<p>&nbsp;<\/p>\n<figure id=\"attachment_373\" aria-describedby=\"caption-attachment-373\" style=\"width: 300px\" class=\"wp-caption aligncenter\"><img loading=\"lazy\" class=\"wp-image-373 size-medium\" src=\"http:\/\/leo-vom-castellum-muetal.de\/wp-content\/uploads\/2018\/07\/15.07.18-Hundesport3-300x204.jpg\" alt=\"\" width=\"300\" height=\"204\" srcset=\"http:\/\/leo-vom-castellum-muetal.de\/wp-content\/uploads\/2018\/07\/15.07.18-Hundesport3-300x204.jpg 300w, http:\/\/leo-vom-castellum-muetal.de\/wp-content\/uploads\/2018\/07\/15.07.18-Hundesport3-768x523.jpg 768w, http:\/\/leo-vom-castellum-muetal.de\/wp-content\/uploads\/2018\/07\/15.07.18-Hundesport3-1024x697.jpg 1024w, http:\/\/leo-vom-castellum-muetal.de\/wp-content\/uploads\/2018\/07\/15.07.18-Hundesport3-1200x817.jpg 1200w, http:\/\/leo-vom-castellum-muetal.de\/wp-content\/uploads\/2018\/07\/15.07.18-Hundesport3.jpg 1967w\" sizes=\"(max-width: 300px) 85vw, 300px\" \/><figcaption id=\"caption-attachment-373\" class=\"wp-caption-text\">Okay. Stehen wir rum. Und das ist alles?<\/figcaption><\/figure>\n<figure id=\"attachment_374\" aria-describedby=\"caption-attachment-374\" style=\"width: 300px\" class=\"wp-caption alignleft\"><img loading=\"lazy\" class=\"wp-image-374 size-medium\" src=\"http:\/\/leo-vom-castellum-muetal.de\/wp-content\/uploads\/2018\/07\/15.07.18-Hundesport4-300x300.jpg\" alt=\"\" width=\"300\" height=\"300\" srcset=\"http:\/\/leo-vom-castellum-muetal.de\/wp-content\/uploads\/2018\/07\/15.07.18-Hundesport4-300x300.jpg 300w, http:\/\/leo-vom-castellum-muetal.de\/wp-content\/uploads\/2018\/07\/15.07.18-Hundesport4-150x150.jpg 150w, http:\/\/leo-vom-castellum-muetal.de\/wp-content\/uploads\/2018\/07\/15.07.18-Hundesport4-768x770.jpg 768w, http:\/\/leo-vom-castellum-muetal.de\/wp-content\/uploads\/2018\/07\/15.07.18-Hundesport4-1021x1024.jpg 1021w, http:\/\/leo-vom-castellum-muetal.de\/wp-content\/uploads\/2018\/07\/15.07.18-Hundesport4-1200x1203.jpg 1200w, http:\/\/leo-vom-castellum-muetal.de\/wp-content\/uploads\/2018\/07\/15.07.18-Hundesport4.jpg 1789w\" sizes=\"(max-width: 300px) 85vw, 300px\" \/><figcaption id=\"caption-attachment-374\" class=\"wp-caption-text\">Ah, da gibt es auch andere Hunde.<\/figcaption><\/figure>\n<figure id=\"attachment_375\" aria-describedby=\"caption-attachment-375\" style=\"width: 300px\" class=\"wp-caption alignright\"><img loading=\"lazy\" class=\"wp-image-375 size-medium\" src=\"http:\/\/leo-vom-castellum-muetal.de\/wp-content\/uploads\/2018\/07\/15.07.17-Hundesport5-300x170.jpg\" alt=\"\" width=\"300\" height=\"170\" srcset=\"http:\/\/leo-vom-castellum-muetal.de\/wp-content\/uploads\/2018\/07\/15.07.17-Hundesport5-300x170.jpg 300w, http:\/\/leo-vom-castellum-muetal.de\/wp-content\/uploads\/2018\/07\/15.07.17-Hundesport5-768x436.jpg 768w, http:\/\/leo-vom-castellum-muetal.de\/wp-content\/uploads\/2018\/07\/15.07.17-Hundesport5-1024x581.jpg 1024w, http:\/\/leo-vom-castellum-muetal.de\/wp-content\/uploads\/2018\/07\/15.07.17-Hundesport5-1200x681.jpg 1200w\" sizes=\"(max-width: 300px) 85vw, 300px\" \/><figcaption id=\"caption-attachment-375\" class=\"wp-caption-text\">Herrchen ist hier Trainer und sagt &#8222;Sitz&#8220; zu dem anderen. Und der setzt sich hin und bekommt was zu naschen!!!<\/figcaption><\/figure>\n<figure id=\"attachment_376\" aria-describedby=\"caption-attachment-376\" style=\"width: 300px\" class=\"wp-caption aligncenter\"><img loading=\"lazy\" class=\"wp-image-376 size-medium\" src=\"http:\/\/leo-vom-castellum-muetal.de\/wp-content\/uploads\/2018\/07\/15.07.18-Hundesport-6-300x225.jpg\" alt=\"\" width=\"300\" height=\"225\" srcset=\"http:\/\/leo-vom-castellum-muetal.de\/wp-content\/uploads\/2018\/07\/15.07.18-Hundesport-6-300x225.jpg 300w, http:\/\/leo-vom-castellum-muetal.de\/wp-content\/uploads\/2018\/07\/15.07.18-Hundesport-6-768x576.jpg 768w, http:\/\/leo-vom-castellum-muetal.de\/wp-content\/uploads\/2018\/07\/15.07.18-Hundesport-6-1024x768.jpg 1024w, http:\/\/leo-vom-castellum-muetal.de\/wp-content\/uploads\/2018\/07\/15.07.18-Hundesport-6-1200x900.jpg 1200w\" sizes=\"(max-width: 300px) 85vw, 300px\" \/><figcaption id=\"caption-attachment-376\" class=\"wp-caption-text\">Das probieren wir auch einmal. Und &#8211; stimmt.<\/figcaption><\/figure>\n<p>&nbsp;<\/p>\n<p style=\"text-align: center;\"><span style=\"font-family: comic sans ms,sans-serif; font-size: 18pt;\">14. Juli 2018<\/span><\/p>\n<p><span style=\"font-family: comic sans ms,sans-serif;\">Unsere Ruhezone ist wieder hergerichtet. Jetzt k\u00f6nnen wir den gro\u00dfen Garten erkunden und vor allem rennen. Das haben wir auch sehr ausf\u00fchrlich getan. Herrchen Junior haben wir ganz sch\u00f6n auf Trapp gehalten und Frauchen konnte kaum Bilder machen. Ein paar Eindr\u00fccke konnte sie doch einfangen:<\/span><\/p>\n<p><img loading=\"lazy\" class=\"alignleft wp-image-361 size-medium\" src=\"http:\/\/leo-vom-castellum-muetal.de\/wp-content\/uploads\/2018\/07\/14.07.18-Garten-1-300x233.jpg\" alt=\"\" width=\"300\" height=\"233\" srcset=\"http:\/\/leo-vom-castellum-muetal.de\/wp-content\/uploads\/2018\/07\/14.07.18-Garten-1-300x233.jpg 300w, http:\/\/leo-vom-castellum-muetal.de\/wp-content\/uploads\/2018\/07\/14.07.18-Garten-1-768x595.jpg 768w, http:\/\/leo-vom-castellum-muetal.de\/wp-content\/uploads\/2018\/07\/14.07.18-Garten-1-1024x794.jpg 1024w, http:\/\/leo-vom-castellum-muetal.de\/wp-content\/uploads\/2018\/07\/14.07.18-Garten-1-1200x930.jpg 1200w\" sizes=\"(max-width: 300px) 85vw, 300px\" \/> <img loading=\"lazy\" class=\"alignright wp-image-362 size-medium\" src=\"http:\/\/leo-vom-castellum-muetal.de\/wp-content\/uploads\/2018\/07\/14.07.18-Garten-2-300x200.jpg\" alt=\"\" width=\"300\" height=\"200\" srcset=\"http:\/\/leo-vom-castellum-muetal.de\/wp-content\/uploads\/2018\/07\/14.07.18-Garten-2-300x200.jpg 300w, http:\/\/leo-vom-castellum-muetal.de\/wp-content\/uploads\/2018\/07\/14.07.18-Garten-2-768x512.jpg 768w, http:\/\/leo-vom-castellum-muetal.de\/wp-content\/uploads\/2018\/07\/14.07.18-Garten-2-1024x683.jpg 1024w, http:\/\/leo-vom-castellum-muetal.de\/wp-content\/uploads\/2018\/07\/14.07.18-Garten-2-1200x800.jpg 1200w\" sizes=\"(max-width: 300px) 85vw, 300px\" \/> <img loading=\"lazy\" class=\"size-medium wp-image-363 alignright\" src=\"http:\/\/leo-vom-castellum-muetal.de\/wp-content\/uploads\/2018\/07\/14.07.18-Garten-3-300x224.jpg\" alt=\"\" width=\"300\" height=\"224\" srcset=\"http:\/\/leo-vom-castellum-muetal.de\/wp-content\/uploads\/2018\/07\/14.07.18-Garten-3-300x224.jpg 300w, http:\/\/leo-vom-castellum-muetal.de\/wp-content\/uploads\/2018\/07\/14.07.18-Garten-3-768x574.jpg 768w, http:\/\/leo-vom-castellum-muetal.de\/wp-content\/uploads\/2018\/07\/14.07.18-Garten-3-1024x765.jpg 1024w, http:\/\/leo-vom-castellum-muetal.de\/wp-content\/uploads\/2018\/07\/14.07.18-Garten-3-1200x897.jpg 1200w\" sizes=\"(max-width: 300px) 85vw, 300px\" \/> <img loading=\"lazy\" class=\"size-medium wp-image-364 alignleft\" src=\"http:\/\/leo-vom-castellum-muetal.de\/wp-content\/uploads\/2018\/07\/14.07.18-Garten-4-300x240.jpg\" alt=\"\" width=\"300\" height=\"240\" srcset=\"http:\/\/leo-vom-castellum-muetal.de\/wp-content\/uploads\/2018\/07\/14.07.18-Garten-4-300x240.jpg 300w, http:\/\/leo-vom-castellum-muetal.de\/wp-content\/uploads\/2018\/07\/14.07.18-Garten-4-768x616.jpg 768w, http:\/\/leo-vom-castellum-muetal.de\/wp-content\/uploads\/2018\/07\/14.07.18-Garten-4-1024x821.jpg 1024w, http:\/\/leo-vom-castellum-muetal.de\/wp-content\/uploads\/2018\/07\/14.07.18-Garten-4-1200x962.jpg 1200w, http:\/\/leo-vom-castellum-muetal.de\/wp-content\/uploads\/2018\/07\/14.07.18-Garten-4.jpg 1779w\" sizes=\"(max-width: 300px) 85vw, 300px\" \/> <img loading=\"lazy\" class=\"size-medium wp-image-365 aligncenter\" src=\"http:\/\/leo-vom-castellum-muetal.de\/wp-content\/uploads\/2018\/07\/14.07.18-Garten-5-249x300.jpg\" alt=\"\" width=\"249\" height=\"300\" srcset=\"http:\/\/leo-vom-castellum-muetal.de\/wp-content\/uploads\/2018\/07\/14.07.18-Garten-5-249x300.jpg 249w, http:\/\/leo-vom-castellum-muetal.de\/wp-content\/uploads\/2018\/07\/14.07.18-Garten-5-768x926.jpg 768w, http:\/\/leo-vom-castellum-muetal.de\/wp-content\/uploads\/2018\/07\/14.07.18-Garten-5-849x1024.jpg 849w, http:\/\/leo-vom-castellum-muetal.de\/wp-content\/uploads\/2018\/07\/14.07.18-Garten-5.jpg 1082w\" sizes=\"(max-width: 249px) 85vw, 249px\" \/><img loading=\"lazy\" class=\"size-medium wp-image-366 alignleft\" src=\"http:\/\/leo-vom-castellum-muetal.de\/wp-content\/uploads\/2018\/07\/14.07.18-Garten-6-300x200.jpg\" alt=\"\" width=\"300\" height=\"200\" srcset=\"http:\/\/leo-vom-castellum-muetal.de\/wp-content\/uploads\/2018\/07\/14.07.18-Garten-6-300x200.jpg 300w, http:\/\/leo-vom-castellum-muetal.de\/wp-content\/uploads\/2018\/07\/14.07.18-Garten-6-768x512.jpg 768w, http:\/\/leo-vom-castellum-muetal.de\/wp-content\/uploads\/2018\/07\/14.07.18-Garten-6-1024x683.jpg 1024w, http:\/\/leo-vom-castellum-muetal.de\/wp-content\/uploads\/2018\/07\/14.07.18-Garten-6-1200x800.jpg 1200w\" sizes=\"(max-width: 300px) 85vw, 300px\" \/> <img loading=\"lazy\" class=\"size-medium wp-image-367 alignright\" src=\"http:\/\/leo-vom-castellum-muetal.de\/wp-content\/uploads\/2018\/07\/14.07.18-Garten-7-300x226.jpg\" alt=\"\" width=\"300\" height=\"226\" srcset=\"http:\/\/leo-vom-castellum-muetal.de\/wp-content\/uploads\/2018\/07\/14.07.18-Garten-7-300x226.jpg 300w, http:\/\/leo-vom-castellum-muetal.de\/wp-content\/uploads\/2018\/07\/14.07.18-Garten-7-768x579.jpg 768w, http:\/\/leo-vom-castellum-muetal.de\/wp-content\/uploads\/2018\/07\/14.07.18-Garten-7-1024x772.jpg 1024w, http:\/\/leo-vom-castellum-muetal.de\/wp-content\/uploads\/2018\/07\/14.07.18-Garten-7-1200x905.jpg 1200w, http:\/\/leo-vom-castellum-muetal.de\/wp-content\/uploads\/2018\/07\/14.07.18-Garten-7.jpg 1393w\" sizes=\"(max-width: 300px) 85vw, 300px\" \/> <img loading=\"lazy\" class=\"size-medium wp-image-368 aligncenter\" src=\"http:\/\/leo-vom-castellum-muetal.de\/wp-content\/uploads\/2018\/07\/14.07.18-Garten-8-300x236.jpg\" alt=\"\" width=\"300\" height=\"236\" srcset=\"http:\/\/leo-vom-castellum-muetal.de\/wp-content\/uploads\/2018\/07\/14.07.18-Garten-8-300x236.jpg 300w, http:\/\/leo-vom-castellum-muetal.de\/wp-content\/uploads\/2018\/07\/14.07.18-Garten-8-768x603.jpg 768w, http:\/\/leo-vom-castellum-muetal.de\/wp-content\/uploads\/2018\/07\/14.07.18-Garten-8-1024x805.jpg 1024w, http:\/\/leo-vom-castellum-muetal.de\/wp-content\/uploads\/2018\/07\/14.07.18-Garten-8-1200x943.jpg 1200w, http:\/\/leo-vom-castellum-muetal.de\/wp-content\/uploads\/2018\/07\/14.07.18-Garten-8.jpg 1307w\" sizes=\"(max-width: 300px) 85vw, 300px\" \/><\/p>\n<p style=\"text-align: center;\"><span style=\"font-family: comic sans ms,sans-serif; font-size: 18pt;\">13. Juli 2018<\/span><\/p>\n<p><span style=\"font-family: comic sans ms,sans-serif;\">Und dann ging es endlich wieder raus. das Partyzelt wurde wieder aufgebaut und Arek mimte den Bauleiter:<\/span><\/p>\n<p><img loading=\"lazy\" class=\"aligncenter wp-image-351\" src=\"http:\/\/leo-vom-castellum-muetal.de\/wp-content\/uploads\/2018\/07\/Arek-2-13.07.18-300x225.jpg\" alt=\"\" width=\"389\" height=\"292\" srcset=\"http:\/\/leo-vom-castellum-muetal.de\/wp-content\/uploads\/2018\/07\/Arek-2-13.07.18-300x225.jpg 300w, http:\/\/leo-vom-castellum-muetal.de\/wp-content\/uploads\/2018\/07\/Arek-2-13.07.18-768x576.jpg 768w, http:\/\/leo-vom-castellum-muetal.de\/wp-content\/uploads\/2018\/07\/Arek-2-13.07.18-1024x768.jpg 1024w, http:\/\/leo-vom-castellum-muetal.de\/wp-content\/uploads\/2018\/07\/Arek-2-13.07.18-1200x900.jpg 1200w\" sizes=\"(max-width: 389px) 85vw, 389px\" \/><\/p>\n<p><span style=\"font-family: comic sans ms,sans-serif;\">Nachdem alles aufgebaut war, haben wir erstmal Siesta gemacht.<\/span><\/p>\n<figure id=\"attachment_352\" aria-describedby=\"caption-attachment-352\" style=\"width: 389px\" class=\"wp-caption alignleft\"><img loading=\"lazy\" class=\"wp-image-352\" src=\"http:\/\/leo-vom-castellum-muetal.de\/wp-content\/uploads\/2018\/07\/Artur-Arek-und-Anna-13.07.18-300x159.jpg\" alt=\"\" width=\"389\" height=\"207\" srcset=\"http:\/\/leo-vom-castellum-muetal.de\/wp-content\/uploads\/2018\/07\/Artur-Arek-und-Anna-13.07.18-300x159.jpg 300w, http:\/\/leo-vom-castellum-muetal.de\/wp-content\/uploads\/2018\/07\/Artur-Arek-und-Anna-13.07.18-768x408.jpg 768w, http:\/\/leo-vom-castellum-muetal.de\/wp-content\/uploads\/2018\/07\/Artur-Arek-und-Anna-13.07.18-1024x544.jpg 1024w, http:\/\/leo-vom-castellum-muetal.de\/wp-content\/uploads\/2018\/07\/Artur-Arek-und-Anna-13.07.18-1200x637.jpg 1200w\" sizes=\"(max-width: 389px) 85vw, 389px\" \/><figcaption id=\"caption-attachment-352\" class=\"wp-caption-text\">Artur, Arek und Anna<\/figcaption><\/figure>\n<figure id=\"attachment_353\" aria-describedby=\"caption-attachment-353\" style=\"width: 389px\" class=\"wp-caption alignright\"><img loading=\"lazy\" class=\"wp-image-353\" src=\"http:\/\/leo-vom-castellum-muetal.de\/wp-content\/uploads\/2018\/07\/Artur-und-Arek-13.07.18-300x170.jpg\" alt=\"\" width=\"389\" height=\"220\" srcset=\"http:\/\/leo-vom-castellum-muetal.de\/wp-content\/uploads\/2018\/07\/Artur-und-Arek-13.07.18-300x170.jpg 300w, http:\/\/leo-vom-castellum-muetal.de\/wp-content\/uploads\/2018\/07\/Artur-und-Arek-13.07.18-768x434.jpg 768w, http:\/\/leo-vom-castellum-muetal.de\/wp-content\/uploads\/2018\/07\/Artur-und-Arek-13.07.18-1024x579.jpg 1024w, http:\/\/leo-vom-castellum-muetal.de\/wp-content\/uploads\/2018\/07\/Artur-und-Arek-13.07.18-1200x678.jpg 1200w, http:\/\/leo-vom-castellum-muetal.de\/wp-content\/uploads\/2018\/07\/Artur-und-Arek-13.07.18.jpg 1771w\" sizes=\"(max-width: 389px) 85vw, 389px\" \/><figcaption id=\"caption-attachment-353\" class=\"wp-caption-text\">Artur und Arek<\/figcaption><\/figure>\n<figure id=\"attachment_354\" aria-describedby=\"caption-attachment-354\" style=\"width: 389px\" class=\"wp-caption alignleft\"><img loading=\"lazy\" class=\"wp-image-354\" src=\"http:\/\/leo-vom-castellum-muetal.de\/wp-content\/uploads\/2018\/07\/Artur-2-13.07.18-300x255.jpg\" alt=\"\" width=\"389\" height=\"331\" srcset=\"http:\/\/leo-vom-castellum-muetal.de\/wp-content\/uploads\/2018\/07\/Artur-2-13.07.18-300x255.jpg 300w, http:\/\/leo-vom-castellum-muetal.de\/wp-content\/uploads\/2018\/07\/Artur-2-13.07.18-768x653.jpg 768w, http:\/\/leo-vom-castellum-muetal.de\/wp-content\/uploads\/2018\/07\/Artur-2-13.07.18-1024x871.jpg 1024w, http:\/\/leo-vom-castellum-muetal.de\/wp-content\/uploads\/2018\/07\/Artur-2-13.07.18-1200x1021.jpg 1200w\" sizes=\"(max-width: 389px) 85vw, 389px\" \/><figcaption id=\"caption-attachment-354\" class=\"wp-caption-text\">Artur<\/figcaption><\/figure>\n<figure id=\"attachment_355\" aria-describedby=\"caption-attachment-355\" style=\"width: 389px\" class=\"wp-caption alignright\"><img loading=\"lazy\" class=\"wp-image-355\" src=\"http:\/\/leo-vom-castellum-muetal.de\/wp-content\/uploads\/2018\/07\/20180713_115231-300x225.jpg\" alt=\"\" width=\"389\" height=\"292\" srcset=\"http:\/\/leo-vom-castellum-muetal.de\/wp-content\/uploads\/2018\/07\/20180713_115231-300x225.jpg 300w, http:\/\/leo-vom-castellum-muetal.de\/wp-content\/uploads\/2018\/07\/20180713_115231-768x576.jpg 768w, http:\/\/leo-vom-castellum-muetal.de\/wp-content\/uploads\/2018\/07\/20180713_115231-1024x768.jpg 1024w, http:\/\/leo-vom-castellum-muetal.de\/wp-content\/uploads\/2018\/07\/20180713_115231-1200x900.jpg 1200w\" sizes=\"(max-width: 389px) 85vw, 389px\" \/><figcaption id=\"caption-attachment-355\" class=\"wp-caption-text\">Alle bei Herrchen junior<\/figcaption><\/figure>\n<p>&nbsp;<\/p>\n<p>&nbsp;<\/p>\n<p>&nbsp;<\/p>\n<p>&nbsp;<\/p>\n<p>&nbsp;<\/p>\n<p>&nbsp;<\/p>\n<p>&nbsp;<\/p>\n<p>&nbsp;<\/p>\n<p>&nbsp;<\/p>\n<p>&nbsp;<\/p>\n<p>&nbsp;<\/p>\n<p>&nbsp;<\/p>\n<p style=\"text-align: center;\"><span style=\"font-family: comic sans ms,sans-serif; font-size: 18pt;\">11. Juli 2018<\/span><\/p>\n<p><span style=\"font-family: comic sans ms,sans-serif;\">Und dann hat es endlich mal geregnet. Dumm nur, da\u00df wir da drin bleiben mussten. Egal &#8211; wir haben das Wohnzimmer unsicher gemacht.<\/span><\/p>\n<p><img loading=\"lazy\" class=\"aligncenter wp-image-350\" src=\"http:\/\/leo-vom-castellum-muetal.de\/wp-content\/uploads\/2018\/07\/Wohnzimmer-10.07.18-300x288.jpg\" alt=\"\" width=\"389\" height=\"373\" srcset=\"http:\/\/leo-vom-castellum-muetal.de\/wp-content\/uploads\/2018\/07\/Wohnzimmer-10.07.18-300x288.jpg 300w, http:\/\/leo-vom-castellum-muetal.de\/wp-content\/uploads\/2018\/07\/Wohnzimmer-10.07.18-768x737.jpg 768w, http:\/\/leo-vom-castellum-muetal.de\/wp-content\/uploads\/2018\/07\/Wohnzimmer-10.07.18-1024x983.jpg 1024w, http:\/\/leo-vom-castellum-muetal.de\/wp-content\/uploads\/2018\/07\/Wohnzimmer-10.07.18-1200x1151.jpg 1200w\" sizes=\"(max-width: 389px) 85vw, 389px\" \/><\/p>\n<p>&nbsp;<\/p>\n<p style=\"text-align: center;\"><span style=\"font-family: comic sans ms,sans-serif; font-size: 18pt;\">10. Juli 2018<\/span><\/p>\n<p><span style=\"font-family: comic sans ms,sans-serif;\">Heute waren wir zur gro\u00dfen Impfung. Frauchen sagt, es war wie im wahren Leben. Wir M\u00e4dels Anna und Amy waren entspannt und haben nix gesagt. Aber die Jungs Artur und Arek &#8211; die Leute haben im Warteraum gefragt, was da passiert. Wir sind auch recht kleinlaut rausgegangen.<\/span><\/p>\n<p><span style=\"font-family: comic sans ms,sans-serif;\">Aber egal &#8211; das Thema ist durch. Wir sind geimpft. Neue Herausforderungen warten auf uns. Wir sagen &#8211; Baumschule &#8230;<\/span><\/p>\n<p><img loading=\"lazy\" class=\"aligncenter wp-image-349\" src=\"http:\/\/leo-vom-castellum-muetal.de\/wp-content\/uploads\/2018\/07\/Baumschule-12.07.18-300x263.jpg\" alt=\"\" width=\"389\" height=\"340\" srcset=\"http:\/\/leo-vom-castellum-muetal.de\/wp-content\/uploads\/2018\/07\/Baumschule-12.07.18-300x263.jpg 300w, http:\/\/leo-vom-castellum-muetal.de\/wp-content\/uploads\/2018\/07\/Baumschule-12.07.18-768x672.jpg 768w, http:\/\/leo-vom-castellum-muetal.de\/wp-content\/uploads\/2018\/07\/Baumschule-12.07.18-1024x896.jpg 1024w, http:\/\/leo-vom-castellum-muetal.de\/wp-content\/uploads\/2018\/07\/Baumschule-12.07.18-1200x1050.jpg 1200w\" sizes=\"(max-width: 389px) 85vw, 389px\" \/><\/p>\n<p><span style=\"font-family: comic sans ms,sans-serif;\">Haha &#8211; reingefallen. Wir gehen doch in keine Baumschule. Herrchen Junior hat nur B\u00e4ume verschnitten und wir haben zugesehen.<\/span><\/p>\n","protected":false},"excerpt":{"rendered":"<p>15. Juli 2018 Heute hie\u00df es, wir gehen zum Hundesport. Mama verschwindet da jeden Sonntag f\u00fcr ein paar Stunden und heute durften wir mit. Was da wohl gemacht wird? &nbsp; &nbsp; &nbsp; &nbsp; &nbsp; 14. Juli 2018 Unsere Ruhezone ist wieder hergerichtet. Jetzt k\u00f6nnen wir den gro\u00dfen Garten erkunden und vor allem rennen. Das haben &hellip; <a href=\"http:\/\/leo-vom-castellum-muetal.de\/?page_id=347\" class=\"more-link\"><span class=\"screen-reader-text\">&#8222;14. Woche&#8220; <\/span>weiterlesen<\/a><\/p>\n","protected":false},"author":1,"featured_media":0,"parent":0,"menu_order":0,"comment_status":"closed","ping_status":"closed","template":"","meta":[],"_links":{"self":[{"href":"http:\/\/leo-vom-castellum-muetal.de\/index.php?rest_route=\/wp\/v2\/pages\/347"}],"collection":[{"href":"http:\/\/leo-vom-castellum-muetal.de\/index.php?rest_route=\/wp\/v2\/pages"}],"about":[{"href":"http:\/\/leo-vom-castellum-muetal.de\/index.php?rest_route=\/wp\/v2\/types\/page"}],"author":[{"embeddable":true,"href":"http:\/\/leo-vom-castellum-muetal.de\/index.php?rest_route=\/wp\/v2\/users\/1"}],"replies":[{"embeddable":true,"href":"http:\/\/leo-vom-castellum-muetal.de\/index.php?rest_route=%2Fwp%2Fv2%2Fcomments&post=347"}],"version-history":[{"count":6,"href":"http:\/\/leo-vom-castellum-muetal.de\/index.php?rest_route=\/wp\/v2\/pages\/347\/revisions"}],"predecessor-version":[{"id":377,"href":"http:\/\/leo-vom-castellum-muetal.de\/index.php?rest_route=\/wp\/v2\/pages\/347\/revisions\/377"}],"wp:attachment":[{"href":"http:\/\/leo-vom-castellum-muetal.de\/index.php?rest_route=%2Fwp%2Fv2%2Fmedia&parent=347"}],"curies":[{"name":"wp","href":"https:\/\/api.w.org\/{rel}","templated":true}]}}