{"id":399,"date":"2018-07-27T09:04:09","date_gmt":"2018-07-27T09:04:09","guid":{"rendered":"http:\/\/leo-vom-castellum-muetal.de\/?page_id=399"},"modified":"2018-07-28T14:31:57","modified_gmt":"2018-07-28T14:31:57","slug":"16-woche","status":"publish","type":"page","link":"http:\/\/leo-vom-castellum-muetal.de\/?page_id=399","title":{"rendered":"16. Woche"},"content":{"rendered":"<p style=\"text-align: center;\"><span style=\"font-family: comic sans ms,sans-serif; font-size: 18pt;\">28. Juli 2018<\/span><\/p>\n<p><span style=\"font-family: comic sans ms,sans-serif;\">Damit keine Mi\u00dfverst\u00e4ndnisse aufkommen &#8211; auch Artur sucht noch ein neues zu Hause. Deshalb musste er heute vor die Linse. Artur ist ein liebevoller, aufgeweckter, verschmuster s\u00fc\u00dfer R\u00fcde.<\/span><\/p>\n<figure id=\"attachment_410\" aria-describedby=\"caption-attachment-410\" style=\"width: 840px\" class=\"wp-caption aligncenter\"><img loading=\"lazy\" class=\"wp-image-410 size-large\" src=\"http:\/\/leo-vom-castellum-muetal.de\/wp-content\/uploads\/2018\/07\/Artur-960x1024.jpg\" alt=\"\" width=\"840\" height=\"896\" srcset=\"http:\/\/leo-vom-castellum-muetal.de\/wp-content\/uploads\/2018\/07\/Artur-960x1024.jpg 960w, http:\/\/leo-vom-castellum-muetal.de\/wp-content\/uploads\/2018\/07\/Artur-281x300.jpg 281w, http:\/\/leo-vom-castellum-muetal.de\/wp-content\/uploads\/2018\/07\/Artur-768x819.jpg 768w, http:\/\/leo-vom-castellum-muetal.de\/wp-content\/uploads\/2018\/07\/Artur-1200x1280.jpg 1200w\" sizes=\"(max-width: 709px) 85vw, (max-width: 909px) 67vw, (max-width: 1362px) 62vw, 840px\" \/><figcaption id=\"caption-attachment-410\" class=\"wp-caption-text\">Mir ist warm.<\/figcaption><\/figure>\n<p><img loading=\"lazy\" class=\"aligncenter wp-image-409 size-large\" src=\"http:\/\/leo-vom-castellum-muetal.de\/wp-content\/uploads\/2018\/07\/Artur2-1-1024x799.jpg\" alt=\"\" width=\"840\" height=\"655\" srcset=\"http:\/\/leo-vom-castellum-muetal.de\/wp-content\/uploads\/2018\/07\/Artur2-1-1024x799.jpg 1024w, http:\/\/leo-vom-castellum-muetal.de\/wp-content\/uploads\/2018\/07\/Artur2-1-300x234.jpg 300w, http:\/\/leo-vom-castellum-muetal.de\/wp-content\/uploads\/2018\/07\/Artur2-1-768x599.jpg 768w, http:\/\/leo-vom-castellum-muetal.de\/wp-content\/uploads\/2018\/07\/Artur2-1-1200x936.jpg 1200w, http:\/\/leo-vom-castellum-muetal.de\/wp-content\/uploads\/2018\/07\/Artur2-1.jpg 1434w\" sizes=\"(max-width: 709px) 85vw, (max-width: 909px) 67vw, (max-width: 1362px) 62vw, 840px\" \/> <img loading=\"lazy\" class=\"aligncenter wp-image-411 size-large\" src=\"http:\/\/leo-vom-castellum-muetal.de\/wp-content\/uploads\/2018\/07\/Artur3-1024x756.jpg\" alt=\"\" width=\"840\" height=\"620\" srcset=\"http:\/\/leo-vom-castellum-muetal.de\/wp-content\/uploads\/2018\/07\/Artur3-1024x756.jpg 1024w, http:\/\/leo-vom-castellum-muetal.de\/wp-content\/uploads\/2018\/07\/Artur3-300x221.jpg 300w, http:\/\/leo-vom-castellum-muetal.de\/wp-content\/uploads\/2018\/07\/Artur3-768x567.jpg 768w, http:\/\/leo-vom-castellum-muetal.de\/wp-content\/uploads\/2018\/07\/Artur3-1200x885.jpg 1200w, http:\/\/leo-vom-castellum-muetal.de\/wp-content\/uploads\/2018\/07\/Artur3.jpg 1896w\" sizes=\"(max-width: 709px) 85vw, (max-width: 909px) 67vw, (max-width: 1362px) 62vw, 840px\" \/> <img loading=\"lazy\" class=\"aligncenter wp-image-412 size-large\" src=\"http:\/\/leo-vom-castellum-muetal.de\/wp-content\/uploads\/2018\/07\/Artur4-1024x927.jpg\" alt=\"\" width=\"840\" height=\"760\" srcset=\"http:\/\/leo-vom-castellum-muetal.de\/wp-content\/uploads\/2018\/07\/Artur4-1024x927.jpg 1024w, http:\/\/leo-vom-castellum-muetal.de\/wp-content\/uploads\/2018\/07\/Artur4-300x272.jpg 300w, http:\/\/leo-vom-castellum-muetal.de\/wp-content\/uploads\/2018\/07\/Artur4-768x695.jpg 768w, http:\/\/leo-vom-castellum-muetal.de\/wp-content\/uploads\/2018\/07\/Artur4-1200x1086.jpg 1200w, http:\/\/leo-vom-castellum-muetal.de\/wp-content\/uploads\/2018\/07\/Artur4.jpg 1475w\" sizes=\"(max-width: 709px) 85vw, (max-width: 909px) 67vw, (max-width: 1362px) 62vw, 840px\" \/><\/p>\n<p style=\"text-align: center;\"><span style=\"font-family: comic sans ms,sans-serif; font-size: 18pt;\">27. Juli 2018<\/span><\/p>\n<p><span style=\"font-family: comic sans ms,sans-serif;\">Heute m\u00fcssen wir nochmal das Thema Auszug der Jungs besprechen. Die beiden hatten Anfragen, die aber aus verschiedenen Gr\u00fcnden zur\u00fcckgezogen worden. Deshalb stellt sich heute Arek nochmal bildlich in Szene, in der Hoffnung, es findet sich eine liebevolle Familie f\u00fcr ihn. Arek ist ein intelligenter, aufmerksamer, auf Menschen gepr\u00e4gter h\u00fcbscher R\u00fcde.<\/span><\/p>\n<p><img loading=\"lazy\" class=\"aligncenter wp-image-405 size-large\" src=\"http:\/\/leo-vom-castellum-muetal.de\/wp-content\/uploads\/2018\/07\/Arek-1024x700.jpg\" alt=\"\" width=\"840\" height=\"574\" srcset=\"http:\/\/leo-vom-castellum-muetal.de\/wp-content\/uploads\/2018\/07\/Arek-1024x700.jpg 1024w, http:\/\/leo-vom-castellum-muetal.de\/wp-content\/uploads\/2018\/07\/Arek-300x205.jpg 300w, http:\/\/leo-vom-castellum-muetal.de\/wp-content\/uploads\/2018\/07\/Arek-768x525.jpg 768w, http:\/\/leo-vom-castellum-muetal.de\/wp-content\/uploads\/2018\/07\/Arek-1200x820.jpg 1200w\" sizes=\"(max-width: 709px) 85vw, (max-width: 909px) 67vw, (max-width: 1362px) 62vw, 840px\" \/><\/p>\n<p><img loading=\"lazy\" class=\"aligncenter wp-image-400 size-large\" src=\"http:\/\/leo-vom-castellum-muetal.de\/wp-content\/uploads\/2018\/07\/Arek-26.07.18-1024x948.jpg\" alt=\"\" width=\"840\" height=\"778\" srcset=\"http:\/\/leo-vom-castellum-muetal.de\/wp-content\/uploads\/2018\/07\/Arek-26.07.18-1024x948.jpg 1024w, http:\/\/leo-vom-castellum-muetal.de\/wp-content\/uploads\/2018\/07\/Arek-26.07.18-300x278.jpg 300w, http:\/\/leo-vom-castellum-muetal.de\/wp-content\/uploads\/2018\/07\/Arek-26.07.18-768x711.jpg 768w, http:\/\/leo-vom-castellum-muetal.de\/wp-content\/uploads\/2018\/07\/Arek-26.07.18-1200x1111.jpg 1200w, http:\/\/leo-vom-castellum-muetal.de\/wp-content\/uploads\/2018\/07\/Arek-26.07.18.jpg 1801w\" sizes=\"(max-width: 709px) 85vw, (max-width: 909px) 67vw, (max-width: 1362px) 62vw, 840px\" \/> <img loading=\"lazy\" class=\"aligncenter wp-image-401 size-large\" src=\"http:\/\/leo-vom-castellum-muetal.de\/wp-content\/uploads\/2018\/07\/Arek-5-26.07.18-1004x1024.jpg\" alt=\"\" width=\"840\" height=\"857\" srcset=\"http:\/\/leo-vom-castellum-muetal.de\/wp-content\/uploads\/2018\/07\/Arek-5-26.07.18-1004x1024.jpg 1004w, http:\/\/leo-vom-castellum-muetal.de\/wp-content\/uploads\/2018\/07\/Arek-5-26.07.18-294x300.jpg 294w, http:\/\/leo-vom-castellum-muetal.de\/wp-content\/uploads\/2018\/07\/Arek-5-26.07.18-768x783.jpg 768w, http:\/\/leo-vom-castellum-muetal.de\/wp-content\/uploads\/2018\/07\/Arek-5-26.07.18-1200x1224.jpg 1200w\" sizes=\"(max-width: 709px) 85vw, (max-width: 909px) 67vw, (max-width: 1362px) 62vw, 840px\" \/> <img loading=\"lazy\" class=\"aligncenter wp-image-402 size-large\" src=\"http:\/\/leo-vom-castellum-muetal.de\/wp-content\/uploads\/2018\/07\/Arek-2-26.07.18-891x1024.jpg\" alt=\"\" width=\"840\" height=\"965\" srcset=\"http:\/\/leo-vom-castellum-muetal.de\/wp-content\/uploads\/2018\/07\/Arek-2-26.07.18-891x1024.jpg 891w, http:\/\/leo-vom-castellum-muetal.de\/wp-content\/uploads\/2018\/07\/Arek-2-26.07.18-261x300.jpg 261w, http:\/\/leo-vom-castellum-muetal.de\/wp-content\/uploads\/2018\/07\/Arek-2-26.07.18-768x883.jpg 768w, http:\/\/leo-vom-castellum-muetal.de\/wp-content\/uploads\/2018\/07\/Arek-2-26.07.18-1200x1380.jpg 1200w, http:\/\/leo-vom-castellum-muetal.de\/wp-content\/uploads\/2018\/07\/Arek-2-26.07.18.jpg 1635w\" sizes=\"(max-width: 709px) 85vw, (max-width: 909px) 67vw, (max-width: 1362px) 62vw, 840px\" \/> <img loading=\"lazy\" class=\"aligncenter wp-image-403 size-large\" src=\"http:\/\/leo-vom-castellum-muetal.de\/wp-content\/uploads\/2018\/07\/Arek-4-26.07.18-858x1024.jpg\" alt=\"\" width=\"840\" height=\"1003\" srcset=\"http:\/\/leo-vom-castellum-muetal.de\/wp-content\/uploads\/2018\/07\/Arek-4-26.07.18-858x1024.jpg 858w, http:\/\/leo-vom-castellum-muetal.de\/wp-content\/uploads\/2018\/07\/Arek-4-26.07.18-251x300.jpg 251w, http:\/\/leo-vom-castellum-muetal.de\/wp-content\/uploads\/2018\/07\/Arek-4-26.07.18-768x916.jpg 768w, http:\/\/leo-vom-castellum-muetal.de\/wp-content\/uploads\/2018\/07\/Arek-4-26.07.18-1200x1432.jpg 1200w\" sizes=\"(max-width: 709px) 85vw, (max-width: 909px) 67vw, (max-width: 1362px) 62vw, 840px\" \/><\/p>\n","protected":false},"excerpt":{"rendered":"<p>28. Juli 2018 Damit keine Mi\u00dfverst\u00e4ndnisse aufkommen &#8211; auch Artur sucht noch ein neues zu Hause. Deshalb musste er heute vor die Linse. Artur ist ein liebevoller, aufgeweckter, verschmuster s\u00fc\u00dfer R\u00fcde. 27. Juli 2018 Heute m\u00fcssen wir nochmal das Thema Auszug der Jungs besprechen. Die beiden hatten Anfragen, die aber aus verschiedenen Gr\u00fcnden zur\u00fcckgezogen worden. &hellip; <a href=\"http:\/\/leo-vom-castellum-muetal.de\/?page_id=399\" class=\"more-link\"><span class=\"screen-reader-text\">&#8222;16. Woche&#8220; <\/span>weiterlesen<\/a><\/p>\n","protected":false},"author":1,"featured_media":0,"parent":0,"menu_order":0,"comment_status":"closed","ping_status":"closed","template":"","meta":[],"_links":{"self":[{"href":"http:\/\/leo-vom-castellum-muetal.de\/index.php?rest_route=\/wp\/v2\/pages\/399"}],"collection":[{"href":"http:\/\/leo-vom-castellum-muetal.de\/index.php?rest_route=\/wp\/v2\/pages"}],"about":[{"href":"http:\/\/leo-vom-castellum-muetal.de\/index.php?rest_route=\/wp\/v2\/types\/page"}],"author":[{"embeddable":true,"href":"http:\/\/leo-vom-castellum-muetal.de\/index.php?rest_route=\/wp\/v2\/users\/1"}],"replies":[{"embeddable":true,"href":"http:\/\/leo-vom-castellum-muetal.de\/index.php?rest_route=%2Fwp%2Fv2%2Fcomments&post=399"}],"version-history":[{"count":4,"href":"http:\/\/leo-vom-castellum-muetal.de\/index.php?rest_route=\/wp\/v2\/pages\/399\/revisions"}],"predecessor-version":[{"id":413,"href":"http:\/\/leo-vom-castellum-muetal.de\/index.php?rest_route=\/wp\/v2\/pages\/399\/revisions\/413"}],"wp:attachment":[{"href":"http:\/\/leo-vom-castellum-muetal.de\/index.php?rest_route=%2Fwp%2Fv2%2Fmedia&parent=399"}],"curies":[{"name":"wp","href":"https:\/\/api.w.org\/{rel}","templated":true}]}}