{"id":421,"date":"2018-08-07T19:37:22","date_gmt":"2018-08-07T19:37:22","guid":{"rendered":"http:\/\/leo-vom-castellum-muetal.de\/?page_id=421"},"modified":"2018-08-07T19:38:37","modified_gmt":"2018-08-07T19:38:37","slug":"18-woche","status":"publish","type":"page","link":"http:\/\/leo-vom-castellum-muetal.de\/?page_id=421","title":{"rendered":"17. Woche"},"content":{"rendered":"<p style=\"text-align: center;\"><span style=\"font-family: comic sans ms,sans-serif; font-size: 18pt;\">07. August 2018<\/span><\/p>\n<p><span style=\"font-family: comic sans ms,sans-serif;\">Heute ist unser Arek in sein neues zu Hause gefahren. Nach so langer Zeit des Zusammenseins ist es uns nicht leicht gefallen, ihn ziehen zu lassen. Aber es ist gut so und er wird es sehr gut haben. Das Warten hat sich gelohnt.<\/span><\/p>\n<p><span style=\"font-family: comic sans ms,sans-serif;\">Am Wochenende wird auch Artur, mein s\u00fc\u00dfer Artur, abgeholt und darf in Brandenburg die Welt unsicher machen.<\/span><\/p>\n<p><span style=\"font-family: comic sans ms,sans-serif;\">Wir sind unsagbar stolz, da\u00df alle unsere 10 Welpen aus unserem ersten Wurf Familien gefunden haben, mit denen sie viel Liebe, Spa\u00df und Erlebnisse erfahren d\u00fcrfen. Die zwei M\u00e4dchen Anna und Amy\u00a0werden nun unseren Alltag bereichern und die Mama sch\u00f6n auf Trap halten &#8211; wir wollen doch alle jung bleiben &#8230;<\/span><\/p>\n","protected":false},"excerpt":{"rendered":"<p>07. August 2018 Heute ist unser Arek in sein neues zu Hause gefahren. Nach so langer Zeit des Zusammenseins ist es uns nicht leicht gefallen, ihn ziehen zu lassen. Aber es ist gut so und er wird es sehr gut haben. Das Warten hat sich gelohnt. Am Wochenende wird auch Artur, mein s\u00fc\u00dfer Artur, abgeholt &hellip; <a href=\"http:\/\/leo-vom-castellum-muetal.de\/?page_id=421\" class=\"more-link\"><span class=\"screen-reader-text\">&#8222;17. Woche&#8220; <\/span>weiterlesen<\/a><\/p>\n","protected":false},"author":1,"featured_media":0,"parent":0,"menu_order":0,"comment_status":"closed","ping_status":"closed","template":"","meta":[],"_links":{"self":[{"href":"http:\/\/leo-vom-castellum-muetal.de\/index.php?rest_route=\/wp\/v2\/pages\/421"}],"collection":[{"href":"http:\/\/leo-vom-castellum-muetal.de\/index.php?rest_route=\/wp\/v2\/pages"}],"about":[{"href":"http:\/\/leo-vom-castellum-muetal.de\/index.php?rest_route=\/wp\/v2\/types\/page"}],"author":[{"embeddable":true,"href":"http:\/\/leo-vom-castellum-muetal.de\/index.php?rest_route=\/wp\/v2\/users\/1"}],"replies":[{"embeddable":true,"href":"http:\/\/leo-vom-castellum-muetal.de\/index.php?rest_route=%2Fwp%2Fv2%2Fcomments&post=421"}],"version-history":[{"count":2,"href":"http:\/\/leo-vom-castellum-muetal.de\/index.php?rest_route=\/wp\/v2\/pages\/421\/revisions"}],"predecessor-version":[{"id":424,"href":"http:\/\/leo-vom-castellum-muetal.de\/index.php?rest_route=\/wp\/v2\/pages\/421\/revisions\/424"}],"wp:attachment":[{"href":"http:\/\/leo-vom-castellum-muetal.de\/index.php?rest_route=%2Fwp%2Fv2%2Fmedia&parent=421"}],"curies":[{"name":"wp","href":"https:\/\/api.w.org\/{rel}","templated":true}]}}