{"id":65,"date":"2018-04-01T10:44:42","date_gmt":"2018-04-01T10:44:42","guid":{"rendered":"http:\/\/leo-vom-castellum-muetal.de\/?page_id=65"},"modified":"2019-10-11T14:50:59","modified_gmt":"2019-10-11T14:50:59","slug":"ausstellungen","status":"publish","type":"page","link":"http:\/\/leo-vom-castellum-muetal.de\/?page_id=65","title":{"rendered":"Ausstellungen"},"content":{"rendered":"<p><span style=\"font-family: comic sans ms,sans-serif;\">Leben ist Ver\u00e4nderung. Das haben wir in den letzten Wochen mit Hoch&#8217;s und Tief&#8217;s erlebt. Aber: das Leben geht weiter. Deshalb haben wir uns entschlossen, mit allen drei M\u00e4dels nach Rostock zur 16. Internationalen Ausstellung RasseHunde zu fahren.<\/span><\/p>\n<p style=\"text-align: center;\"><span style=\"font-family: comic sans ms,sans-serif; font-size: 14pt;\">05. Oktober 2019<\/span><\/p>\n<p><span style=\"font-family: comic sans ms,sans-serif;\">Susel und Anna sollten zeigen, ob sie nach Leipzig etwas gelernt haben und wo noch Potential steckt. Abby hat sich von ihrer langwierigen Ohrenentz\u00fcndung &#8211; ausgel\u00f6st durch eine Granne &#8211; mit Hilfe der vielen Medikamente erholt, aber das Fell war noch nicht so, wie wir es gewohnt sind. Trotzdem wollten wir Abby nicht au\u00dfen vor lassen.<\/span><\/p>\n<p style=\"text-align: center;\"><img loading=\"lazy\" class=\"alignnone wp-image-621\" src=\"http:\/\/leo-vom-castellum-muetal.de\/wp-content\/uploads\/2019\/10\/IMG-20191005-WA0011-169x300.jpg\" alt=\"\" width=\"300\" height=\"533\" srcset=\"http:\/\/leo-vom-castellum-muetal.de\/wp-content\/uploads\/2019\/10\/IMG-20191005-WA0011-169x300.jpg 169w, http:\/\/leo-vom-castellum-muetal.de\/wp-content\/uploads\/2019\/10\/IMG-20191005-WA0011-768x1365.jpg 768w, http:\/\/leo-vom-castellum-muetal.de\/wp-content\/uploads\/2019\/10\/IMG-20191005-WA0011-576x1024.jpg 576w, http:\/\/leo-vom-castellum-muetal.de\/wp-content\/uploads\/2019\/10\/IMG-20191005-WA0011.jpg 837w\" sizes=\"(max-width: 300px) 85vw, 300px\" \/><\/p>\n<p style=\"text-align: center;\"><span style=\"font-family: comic sans ms,sans-serif;\">Abigail What a Girl Leo vom Jerichower Land : Formwertnote &#8222;sehr gut&#8220;<\/span><\/p>\n<p style=\"text-align: center;\"><img loading=\"lazy\" class=\"alignnone wp-image-617\" src=\"http:\/\/leo-vom-castellum-muetal.de\/wp-content\/uploads\/2019\/10\/20191005_154038-214x300.jpg\" alt=\"\" width=\"300\" height=\"420\" srcset=\"http:\/\/leo-vom-castellum-muetal.de\/wp-content\/uploads\/2019\/10\/20191005_154038-214x300.jpg 214w, http:\/\/leo-vom-castellum-muetal.de\/wp-content\/uploads\/2019\/10\/20191005_154038.jpg 581w\" sizes=\"(max-width: 300px) 85vw, 300px\" \/><\/p>\n<p style=\"text-align: center;\"><span style=\"font-family: comic sans ms,sans-serif;\">Amy Leo vom Castellum M\u00fctal : Formwertnote &#8222;sehr gut&#8220;<\/span><\/p>\n<p style=\"text-align: center;\"><img loading=\"lazy\" class=\"alignnone wp-image-618\" src=\"http:\/\/leo-vom-castellum-muetal.de\/wp-content\/uploads\/2019\/10\/20191005_154636-225x300.jpg\" alt=\"\" width=\"300\" height=\"400\" srcset=\"http:\/\/leo-vom-castellum-muetal.de\/wp-content\/uploads\/2019\/10\/20191005_154636-225x300.jpg 225w, http:\/\/leo-vom-castellum-muetal.de\/wp-content\/uploads\/2019\/10\/20191005_154636-768x1024.jpg 768w, http:\/\/leo-vom-castellum-muetal.de\/wp-content\/uploads\/2019\/10\/20191005_154636-1200x1599.jpg 1200w, http:\/\/leo-vom-castellum-muetal.de\/wp-content\/uploads\/2019\/10\/20191005_154636.jpg 1214w\" sizes=\"(max-width: 300px) 85vw, 300px\" \/><\/p>\n<p style=\"text-align: center;\"><span style=\"font-family: comic sans ms,sans-serif;\">Anna Katharina Leo vom Castellum M\u00fctal : Formwertnote &#8222;Vorz\u00fcglich&#8220; und 4.Platz in der Zwischenklasse<\/span><\/p>\n<p><span style=\"font-family: comic sans ms,sans-serif;\">Und weil es so sch\u00f6n ist, Artur Leo vom Castellum M\u00fctal hat auch Formwertnote &#8222;Vorz\u00fcglich&#8220; und den 2. Platz in der Zwischenklasse. Der erste Platz hat \u00fcbrigens den besten R\u00fcden und BOB gemacht. Also l\u00e4uft.<\/span><\/p>\n<p style=\"text-align: center;\"><img loading=\"lazy\" class=\"alignnone wp-image-622\" src=\"http:\/\/leo-vom-castellum-muetal.de\/wp-content\/uploads\/2019\/10\/Artur-187x300.jpg\" alt=\"\" width=\"300\" height=\"482\" srcset=\"http:\/\/leo-vom-castellum-muetal.de\/wp-content\/uploads\/2019\/10\/Artur-187x300.jpg 187w, http:\/\/leo-vom-castellum-muetal.de\/wp-content\/uploads\/2019\/10\/Artur.jpg 523w\" sizes=\"(max-width: 300px) 85vw, 300px\" \/><\/p>\n<p style=\"text-align: center;\"><span style=\"font-family: comic sans ms,sans-serif;\">Danke Siegfried.<\/span><\/p>\n<p style=\"text-align: center;\"><span style=\"font-family: comic sans ms,sans-serif; font-size: 14pt;\">25. August 2019<\/span><\/p>\n<p><span style=\"font-family: comic sans ms,sans-serif;\">Zum Abschlu\u00df unseres Ostseeurlaubes sind wir nach Leipzig zur German Winner gefahren. Wir haben gemerkt, da\u00df lange Ausstellungspausen nicht gut f\u00fcr Ringerfahrung\u00a0 sammeln und &#8222;Coolness&#8220; ist. Die erzielten Ergebnisse sind dann auch entsprechend ausgefallen. Aber f\u00fcr Training war es super.<\/span><\/p>\n<p style=\"text-align: center;\"><img loading=\"lazy\" class=\"alignnone wp-image-642\" src=\"http:\/\/leo-vom-castellum-muetal.de\/wp-content\/uploads\/2019\/10\/Abby-Leipzig2-185x300.jpg\" alt=\"\" width=\"300\" height=\"486\" srcset=\"http:\/\/leo-vom-castellum-muetal.de\/wp-content\/uploads\/2019\/10\/Abby-Leipzig2-185x300.jpg 185w, http:\/\/leo-vom-castellum-muetal.de\/wp-content\/uploads\/2019\/10\/Abby-Leipzig2.jpg 624w\" sizes=\"(max-width: 300px) 85vw, 300px\" \/><\/p>\n<p style=\"text-align: center;\"><span style=\"font-family: comic sans ms,sans-serif;\">Abby Formwertnote &#8222;sehr gut&#8220; Platz 4 Offene Klasse<\/span><\/p>\n<p style=\"text-align: center;\"><img loading=\"lazy\" class=\"alignnone wp-image-644\" src=\"http:\/\/leo-vom-castellum-muetal.de\/wp-content\/uploads\/2019\/10\/Susel-Leipzig-233x300.jpg\" alt=\"\" width=\"300\" height=\"386\" srcset=\"http:\/\/leo-vom-castellum-muetal.de\/wp-content\/uploads\/2019\/10\/Susel-Leipzig-233x300.jpg 233w, http:\/\/leo-vom-castellum-muetal.de\/wp-content\/uploads\/2019\/10\/Susel-Leipzig.jpg 524w\" sizes=\"(max-width: 300px) 85vw, 300px\" \/><\/p>\n<p style=\"text-align: center;\"><span style=\"font-family: comic sans ms,sans-serif;\">Amy Formwertnote &#8222;gut&#8220; Jugendklasse<\/span><\/p>\n<p style=\"text-align: center;\"><img loading=\"lazy\" class=\"alignnone wp-image-645\" src=\"http:\/\/leo-vom-castellum-muetal.de\/wp-content\/uploads\/2019\/10\/Anna-Leipzig-230x300.jpg\" alt=\"\" width=\"300\" height=\"391\" srcset=\"http:\/\/leo-vom-castellum-muetal.de\/wp-content\/uploads\/2019\/10\/Anna-Leipzig-230x300.jpg 230w, http:\/\/leo-vom-castellum-muetal.de\/wp-content\/uploads\/2019\/10\/Anna-Leipzig.jpg 578w\" sizes=\"(max-width: 300px) 85vw, 300px\" \/><\/p>\n<p style=\"text-align: center;\"><span style=\"font-family: comic sans ms,sans-serif;\">Anna Formwertnote &#8222;sehr gut&#8220; Platz 3 Jugendklasse<\/span><\/p>\n<p style=\"text-align: center;\"><span style=\"font-family: comic sans ms,sans-serif; font-size: 14pt;\">15. Juni 2019<\/span><\/p>\n<p><span style=\"font-family: comic sans ms,sans-serif;\">Wir waren wieder auf Ausstellung. Es sollte nicht nur &#8211; es wurde ein sehr hei\u00dfer Tag. Wie waren die M\u00e4dels drauf? Wie kommen wir damit zurecht? Fragen, aber das gibt keine Antwort &#8211; los geht&#8217;s.<\/span><\/p>\n<p><span style=\"font-family: comic sans ms,sans-serif;\">Zuerst war f\u00fcr uns die Jugendklasse dran. Amy lief mit mir, dann Anna mit meinem Mann. Meine Nervosit\u00e4t \u00fcbertrug sich auf Amy, sie wu\u00dfte nicht, was sie machen sollte. Die Richterin Frau Hiltbrunner beruhigte mich und meinte, sie sieht schon, was sie sehen mu\u00df. Wir haben es geschafft,\u00a0Pr\u00e4dikat &#8222;sehr gut&#8220;.<\/span><\/p>\n<p><img loading=\"lazy\" class=\"aligncenter wp-image-591\" src=\"http:\/\/leo-vom-castellum-muetal.de\/wp-content\/uploads\/2019\/06\/20190618_081503-300x237.jpg\" alt=\"\" width=\"300\" height=\"237\" srcset=\"http:\/\/leo-vom-castellum-muetal.de\/wp-content\/uploads\/2019\/06\/20190618_081503-300x237.jpg 300w, http:\/\/leo-vom-castellum-muetal.de\/wp-content\/uploads\/2019\/06\/20190618_081503-768x608.jpg 768w, http:\/\/leo-vom-castellum-muetal.de\/wp-content\/uploads\/2019\/06\/20190618_081503.jpg 891w\" sizes=\"(max-width: 300px) 85vw, 300px\" \/><\/p>\n<p style=\"text-align: center;\"><span style=\"font-family: comic sans ms,sans-serif;\">Jugendklasse, sehr gut<\/span><\/p>\n<p><span style=\"font-family: comic sans ms,sans-serif;\">Aber das war noch nicht alles. Jetzt war Anna dran. Mein Mann hatte die besseren Nerven und vor allem die Lockerheit, die auch entsprechende Sicherheit gab. Und was soll ich sagen?<\/span><\/p>\n<p><img loading=\"lazy\" class=\"size-medium wp-image-592 aligncenter\" src=\"http:\/\/leo-vom-castellum-muetal.de\/wp-content\/uploads\/2019\/06\/20190615_204738-209x300.jpg\" alt=\"\" width=\"209\" height=\"300\" srcset=\"http:\/\/leo-vom-castellum-muetal.de\/wp-content\/uploads\/2019\/06\/20190615_204738-209x300.jpg 209w, http:\/\/leo-vom-castellum-muetal.de\/wp-content\/uploads\/2019\/06\/20190615_204738.jpg 654w\" sizes=\"(max-width: 209px) 85vw, 209px\" \/><\/p>\n<p style=\"text-align: center;\"><span style=\"font-family: comic sans ms,sans-serif;\">Jugendklasse, 3. Platz Vorz\u00fcglich<\/span><\/p>\n<p><span style=\"font-family: comic sans ms,sans-serif;\">Und das war immer noch nicht alles. Diesmal war Abby echt gut drauf. Sie lief nicht nur, sie rannte.<\/span><\/p>\n<p><img loading=\"lazy\" class=\"size-medium wp-image-587 aligncenter\" src=\"http:\/\/leo-vom-castellum-muetal.de\/wp-content\/uploads\/2019\/06\/20190615_224010-250x300.jpg\" alt=\"\" width=\"250\" height=\"300\" srcset=\"http:\/\/leo-vom-castellum-muetal.de\/wp-content\/uploads\/2019\/06\/20190615_224010-250x300.jpg 250w, http:\/\/leo-vom-castellum-muetal.de\/wp-content\/uploads\/2019\/06\/20190615_224010-768x922.jpg 768w, http:\/\/leo-vom-castellum-muetal.de\/wp-content\/uploads\/2019\/06\/20190615_224010-853x1024.jpg 853w, http:\/\/leo-vom-castellum-muetal.de\/wp-content\/uploads\/2019\/06\/20190615_224010.jpg 865w\" sizes=\"(max-width: 250px) 85vw, 250px\" \/><\/p>\n<p style=\"text-align: center;\"><span style=\"font-family: comic sans ms,sans-serif;\">Und sie wurde belohnt:<\/span><\/p>\n<p><img loading=\"lazy\" class=\"size-medium wp-image-589 aligncenter\" src=\"http:\/\/leo-vom-castellum-muetal.de\/wp-content\/uploads\/2019\/06\/20190615_182233-214x300.jpg\" alt=\"\" width=\"214\" height=\"300\" srcset=\"http:\/\/leo-vom-castellum-muetal.de\/wp-content\/uploads\/2019\/06\/20190615_182233-214x300.jpg 214w, http:\/\/leo-vom-castellum-muetal.de\/wp-content\/uploads\/2019\/06\/20190615_182233.jpg 694w\" sizes=\"(max-width: 214px) 85vw, 214px\" \/><\/p>\n<p style=\"text-align: center;\"><span style=\"font-family: comic sans ms,sans-serif;\">Zuchtklasse, 1. Platz Vorz\u00fcglich<\/span><\/p>\n<p><span style=\"font-family: comic sans ms,sans-serif;\"><span style=\"font-family: comic sans ms,sans-serif;\">Hammer. Wir sind \u00fcbergl\u00fccklich. Ein besseres Geschenk zu unserem Hochzeitstag konnten wir uns nicht machen. Stolz wie Bolle, selig \u00fcber die Formwertnoten, Platzierungen und Beurteilungen und gl\u00fccklich, da\u00df wir die Hitze so super \u00fcberstanden haben, haben wir den R\u00fcckzug angetreten.<\/span><\/span><\/p>\n<p style=\"text-align: center;\"><span style=\"font-family: comic sans ms,sans-serif;\">\u00a0<em><span style=\"font-size: 12pt;\">Es war ein fantastischer Tag!!!<\/span><\/em><\/span><\/p>\n<p style=\"text-align: center;\"><span style=\"font-family: comic sans ms,sans-serif; font-size: 14pt;\">20. Januar 2019<\/span><\/p>\n<p><span style=\"font-family: comic sans ms,sans-serif;\">Wir haben es gewagt und sind mit unseren drei M\u00e4dels zur ersten gemeinsamen Ausstellung gefahren. Mir war wie immer vor Aufregung schlecht und die Vorbereitungen liefen nach \u00fcber einem Jahr Ausstellungspause sehr chaotisch ab.<\/span><\/p>\n<p><span style=\"font-family: comic sans ms,sans-serif;\">Aber da hilft kein Jammern, schlie\u00dflich wollten wir herausfinden, wie sich die Kleinen auf Ausstellung &#8222;machen&#8220;. Zu Hause laufen sie immer nur nebeneinander und machen auch so alles nur gemeinsam. Auf Ausstellung geht das, glaube ich, nicht so.\u00a0Also auf nach D\u00f6beln. Amy und Anna\u00a0sind an dem Tag\u00a0gerade 9 Monate und 10 Tage alt und mussten schon in der Jugendklasse starten. Beide sind hintereinander im Ring gelaufen, kein Nachschauen, wo die andere bleibt, kein Ausb\u00fcxen aus dem Ring &#8211; wie es Mama Abby gern macht, Z\u00e4hne zeigen, anfassen lassen, andere Hunde sehen und dem Spieldrang nicht nachgeben und au\u00dferhalb vom Ring entspannt und ruhig.<\/span><\/p>\n<p style=\"text-align: center;\"><span style=\"font-family: comic sans ms,sans-serif; font-size: 14pt;\"><em><strong>Was wollen wir mehr. F\u00fcr das erste Mal &#8211; optimal.<\/strong><\/em><\/span><\/p>\n<p><span style=\"font-family: comic sans ms,sans-serif;\">Mit den Beurteilungen sind wir f\u00fcr das Alter von Amy und Anna\u00a0und\u00a0ihrem Premierenauftritt sehr zufrieden. Gut die Formwertnote &#8211; aber das war bei sehr vielen Ausstellern im Ring 1\u00a0nicht nachvollziehbar. Da wir mit den Beurteilungen zufrieden\u00a0und die M\u00e4dchen sowas von noch in der Entwicklung sind, m\u00f6chten wir sie hier pr\u00e4sentieren:<\/span><\/p>\n<p><img loading=\"lazy\" class=\"size-medium wp-image-494 aligncenter\" src=\"http:\/\/leo-vom-castellum-muetal.de\/wp-content\/uploads\/2019\/01\/Anna30.01.19-300x244.jpg\" alt=\"\" width=\"300\" height=\"244\" srcset=\"http:\/\/leo-vom-castellum-muetal.de\/wp-content\/uploads\/2019\/01\/Anna30.01.19-300x244.jpg 300w, http:\/\/leo-vom-castellum-muetal.de\/wp-content\/uploads\/2019\/01\/Anna30.01.19-768x625.jpg 768w, http:\/\/leo-vom-castellum-muetal.de\/wp-content\/uploads\/2019\/01\/Anna30.01.19-1024x833.jpg 1024w, http:\/\/leo-vom-castellum-muetal.de\/wp-content\/uploads\/2019\/01\/Anna30.01.19-1200x976.jpg 1200w, http:\/\/leo-vom-castellum-muetal.de\/wp-content\/uploads\/2019\/01\/Anna30.01.19.jpg 1972w\" sizes=\"(max-width: 300px) 85vw, 300px\" \/>\u00a0<img loading=\"lazy\" class=\"alignnone wp-image-493 size-full\" src=\"http:\/\/leo-vom-castellum-muetal.de\/wp-content\/uploads\/2019\/01\/Anna-Richterbericht.jpg\" alt=\"\" width=\"4608\" height=\"3456\" srcset=\"http:\/\/leo-vom-castellum-muetal.de\/wp-content\/uploads\/2019\/01\/Anna-Richterbericht.jpg 4608w, http:\/\/leo-vom-castellum-muetal.de\/wp-content\/uploads\/2019\/01\/Anna-Richterbericht-300x225.jpg 300w, http:\/\/leo-vom-castellum-muetal.de\/wp-content\/uploads\/2019\/01\/Anna-Richterbericht-768x576.jpg 768w, http:\/\/leo-vom-castellum-muetal.de\/wp-content\/uploads\/2019\/01\/Anna-Richterbericht-1024x768.jpg 1024w, http:\/\/leo-vom-castellum-muetal.de\/wp-content\/uploads\/2019\/01\/Anna-Richterbericht-1200x900.jpg 1200w\" sizes=\"(max-width: 709px) 85vw, (max-width: 909px) 67vw, (max-width: 1362px) 62vw, 840px\" \/><\/p>\n<p><img loading=\"lazy\" class=\"size-medium wp-image-500 aligncenter\" src=\"http:\/\/leo-vom-castellum-muetal.de\/wp-content\/uploads\/2019\/01\/20190130_133708-300x225.jpg\" alt=\"\" width=\"300\" height=\"225\" srcset=\"http:\/\/leo-vom-castellum-muetal.de\/wp-content\/uploads\/2019\/01\/20190130_133708-300x225.jpg 300w, http:\/\/leo-vom-castellum-muetal.de\/wp-content\/uploads\/2019\/01\/20190130_133708-768x576.jpg 768w, http:\/\/leo-vom-castellum-muetal.de\/wp-content\/uploads\/2019\/01\/20190130_133708-1024x768.jpg 1024w, http:\/\/leo-vom-castellum-muetal.de\/wp-content\/uploads\/2019\/01\/20190130_133708-1200x900.jpg 1200w\" sizes=\"(max-width: 300px) 85vw, 300px\" \/><\/p>\n<p><img loading=\"lazy\" class=\"aligncenter wp-image-499 size-full\" src=\"http:\/\/leo-vom-castellum-muetal.de\/wp-content\/uploads\/2019\/01\/AmyRichterbericht.jpg\" alt=\"\" width=\"4608\" height=\"3456\" srcset=\"http:\/\/leo-vom-castellum-muetal.de\/wp-content\/uploads\/2019\/01\/AmyRichterbericht.jpg 4608w, http:\/\/leo-vom-castellum-muetal.de\/wp-content\/uploads\/2019\/01\/AmyRichterbericht-300x225.jpg 300w, http:\/\/leo-vom-castellum-muetal.de\/wp-content\/uploads\/2019\/01\/AmyRichterbericht-768x576.jpg 768w, http:\/\/leo-vom-castellum-muetal.de\/wp-content\/uploads\/2019\/01\/AmyRichterbericht-1024x768.jpg 1024w, http:\/\/leo-vom-castellum-muetal.de\/wp-content\/uploads\/2019\/01\/AmyRichterbericht-1200x900.jpg 1200w\" sizes=\"(max-width: 709px) 85vw, (max-width: 909px) 67vw, (max-width: 1362px) 62vw, 840px\" \/><span style=\"font-family: comic sans ms,sans-serif;\">Und Mama Abby hatte an diesem Tag wieder mal keine Lust. Nach 14 Welpen, einem hei\u00dfen und langen Sommer und anschlie\u00dfendem Winter mit Eis ist die Figur verrutscht und wird unter Fell versteckt. Und dann noch auf den &#8222;Laufsteg&#8220;? &#8211; nee!!! Vielleicht beim n\u00e4chsten Mal mit mehr Begeisterung und Grazie.<\/span><\/p>\n<p><span style=\"font-family: comic sans ms,sans-serif;\">Auf jeden Fall hat sich der Tag gelohnt &#8211; mit der Familie gequasselt, Leute getroffen, Erfahrungen gesammelt, 3 kg abgenommen, Test bestanden.<\/span><\/p>\n<p><img loading=\"lazy\" class=\"aligncenter wp-image-501 size-full\" src=\"http:\/\/leo-vom-castellum-muetal.de\/wp-content\/uploads\/2019\/01\/20190131_100009.jpg\" alt=\"\" width=\"2408\" height=\"2054\" srcset=\"http:\/\/leo-vom-castellum-muetal.de\/wp-content\/uploads\/2019\/01\/20190131_100009.jpg 2408w, http:\/\/leo-vom-castellum-muetal.de\/wp-content\/uploads\/2019\/01\/20190131_100009-300x256.jpg 300w, http:\/\/leo-vom-castellum-muetal.de\/wp-content\/uploads\/2019\/01\/20190131_100009-768x655.jpg 768w, http:\/\/leo-vom-castellum-muetal.de\/wp-content\/uploads\/2019\/01\/20190131_100009-1024x873.jpg 1024w, http:\/\/leo-vom-castellum-muetal.de\/wp-content\/uploads\/2019\/01\/20190131_100009-1200x1024.jpg 1200w\" sizes=\"(max-width: 709px) 85vw, (max-width: 909px) 67vw, (max-width: 1362px) 62vw, 840px\" \/><\/p>\n<p style=\"text-align: center;\"><strong><span style=\"font-family: comic sans ms,sans-serif; font-size: 14pt;\"><em>und wir sind wieder dabei!<\/em><\/span><\/strong><\/p>\n<p><span style=\"font-family: comic sans ms,sans-serif; font-size: 14pt;\">Bevor ich die Ausstellungsergebnisse dokumentiere, m\u00f6chte ich kurz meine Gedanken zum Thema Ausstellungen \u00e4u\u00dfern.<\/span><\/p>\n<p><span style=\"font-family: comic sans ms,sans-serif; font-size: 14pt;\">Ausstellungen sind wichtig \u2013 man pr\u00e4sentiert seine Lieblinge und erh\u00e4lt Bewertungen, die sowieso immer zu wenig sind. Klar.<\/span><\/p>\n<p><span style=\"font-family: comic sans ms,sans-serif; font-size: 14pt;\">Ausstellungen sind auch Momentaufnahmen ohne vorher zu wissen, wie Hunde und Menschen aufgelegt sind.<\/span><\/p>\n<p><span style=\"font-family: comic sans ms,sans-serif; font-size: 14pt;\">Ausstellungen sind Nervensache.<\/span><\/p>\n<p><span style=\"font-family: comic sans ms,sans-serif; font-size: 14pt;\">Ausstellungen k\u00f6nnen auch Austausch von Erfahrungen, Erlebnissen und Ratschl\u00e4gen sein. Ich hatte das Gl\u00fcck, solchen Menschen zu begegenen. Tolle Menschen. Ich w\u00fcnsche mir mehr davon.<\/span><\/p>\n<p><strong><span style=\"font-family: comic sans ms,sans-serif; font-size: 14pt;\">Abby\u2019s Platzierungen:<\/span><\/strong><\/p>\n<table>\n<tbody>\n<tr>\n<td width=\"54\"><span style=\"font-family: comic sans ms,sans-serif; font-size: 14pt;\">2016<\/span><\/td>\n<td width=\"95\"><span style=\"font-family: comic sans ms,sans-serif; font-size: 14pt;\">21.08.2016<\/span><\/td>\n<td width=\"180\"><span style=\"font-family: comic sans ms,sans-serif; font-size: 14pt;\"><strong>V<\/strong>orz\u00fcglich <strong>1<\/strong>.Platz Jugendklasse<\/span><\/td>\n<td width=\"286\"><span style=\"font-family: comic sans ms,sans-serif; font-size: 14pt;\">German Winner Show Leipzig 2016<\/span><\/td>\n<\/tr>\n<tr>\n<td width=\"54\"><\/td>\n<td width=\"95\"><span style=\"font-family: comic sans ms,sans-serif; font-size: 14pt;\">02.10.2016<\/span><\/td>\n<td width=\"180\"><span style=\"font-family: comic sans ms,sans-serif; font-size: 14pt;\"><strong>V<\/strong>orz\u00fcglich <strong>1<\/strong>.Platz Jugendsieger Rostock<\/span><\/td>\n<td width=\"286\"><span style=\"font-family: comic sans ms,sans-serif; font-size: 14pt;\">13. Internationale Rassehundausstellung Rostock 2016<\/span><\/td>\n<\/tr>\n<tr>\n<td width=\"54\"><\/td>\n<td width=\"95\"><\/td>\n<td width=\"180\"><\/td>\n<td width=\"286\"><\/td>\n<\/tr>\n<tr>\n<td width=\"54\"><span style=\"font-family: comic sans ms,sans-serif; font-size: 14pt;\">2017<\/span><\/td>\n<td width=\"95\"><span style=\"font-family: comic sans ms,sans-serif; font-size: 14pt;\">30.09.2017<\/span><\/td>\n<td width=\"180\"><span style=\"font-family: comic sans ms,sans-serif; font-size: 14pt;\"><strong>V<\/strong>orz\u00fcglich <strong>1<\/strong>.Platz\u00a0 Offene Klasse<\/span><\/td>\n<td width=\"286\"><span style=\"font-family: comic sans ms,sans-serif; font-size: 14pt;\">14. Internationale Rassehundausstellung Rostock 2017<\/span><\/td>\n<\/tr>\n<tr>\n<td width=\"54\"><\/td>\n<td width=\"95\"><span style=\"font-family: comic sans ms,sans-serif; font-size: 14pt;\">05.11.2017<\/span><\/td>\n<td width=\"180\"><span style=\"font-family: comic sans ms,sans-serif; font-size: 14pt;\"><strong>V<\/strong>orz\u00fcglich <strong>1<\/strong>.Platz\u00a0 Offene Klasse<\/span><\/td>\n<td width=\"286\"><span style=\"font-family: comic sans ms,sans-serif; font-size: 14pt;\">CACIB Prag<\/span><\/td>\n<\/tr>\n<\/tbody>\n<\/table>\n<p><img loading=\"lazy\" class=\"alignnone size-medium wp-image-642\" src=\"http:\/\/leo-vom-castellum-muetal.de\/wp-content\/uploads\/2019\/10\/Abby-Leipzig2-185x300.jpg\" alt=\"\" width=\"185\" height=\"300\" srcset=\"http:\/\/leo-vom-castellum-muetal.de\/wp-content\/uploads\/2019\/10\/Abby-Leipzig2-185x300.jpg 185w, http:\/\/leo-vom-castellum-muetal.de\/wp-content\/uploads\/2019\/10\/Abby-Leipzig2.jpg 624w\" sizes=\"(max-width: 185px) 85vw, 185px\" \/><\/p>\n","protected":false},"excerpt":{"rendered":"<p>Leben ist Ver\u00e4nderung. Das haben wir in den letzten Wochen mit Hoch&#8217;s und Tief&#8217;s erlebt. Aber: das Leben geht weiter. Deshalb haben wir uns entschlossen, mit allen drei M\u00e4dels nach Rostock zur 16. Internationalen Ausstellung RasseHunde zu fahren. 05. Oktober 2019 Susel und Anna sollten zeigen, ob sie nach Leipzig etwas gelernt haben und wo &hellip; <a href=\"http:\/\/leo-vom-castellum-muetal.de\/?page_id=65\" class=\"more-link\"><span class=\"screen-reader-text\">&#8222;Ausstellungen&#8220; <\/span>weiterlesen<\/a><\/p>\n","protected":false},"author":1,"featured_media":0,"parent":0,"menu_order":0,"comment_status":"closed","ping_status":"closed","template":"","meta":[],"_links":{"self":[{"href":"http:\/\/leo-vom-castellum-muetal.de\/index.php?rest_route=\/wp\/v2\/pages\/65"}],"collection":[{"href":"http:\/\/leo-vom-castellum-muetal.de\/index.php?rest_route=\/wp\/v2\/pages"}],"about":[{"href":"http:\/\/leo-vom-castellum-muetal.de\/index.php?rest_route=\/wp\/v2\/types\/page"}],"author":[{"embeddable":true,"href":"http:\/\/leo-vom-castellum-muetal.de\/index.php?rest_route=\/wp\/v2\/users\/1"}],"replies":[{"embeddable":true,"href":"http:\/\/leo-vom-castellum-muetal.de\/index.php?rest_route=%2Fwp%2Fv2%2Fcomments&post=65"}],"version-history":[{"count":12,"href":"http:\/\/leo-vom-castellum-muetal.de\/index.php?rest_route=\/wp\/v2\/pages\/65\/revisions"}],"predecessor-version":[{"id":646,"href":"http:\/\/leo-vom-castellum-muetal.de\/index.php?rest_route=\/wp\/v2\/pages\/65\/revisions\/646"}],"wp:attachment":[{"href":"http:\/\/leo-vom-castellum-muetal.de\/index.php?rest_route=%2Fwp%2Fv2%2Fmedia&parent=65"}],"curies":[{"name":"wp","href":"https:\/\/api.w.org\/{rel}","templated":true}]}}