{"id":7,"date":"2018-03-30T15:24:17","date_gmt":"2018-03-30T15:24:17","guid":{"rendered":"http:\/\/leo-vom-castellum-muetal.de\/?page_id=7"},"modified":"2018-04-02T17:36:20","modified_gmt":"2018-04-02T17:36:20","slug":"impressum","status":"publish","type":"page","link":"http:\/\/leo-vom-castellum-muetal.de\/?page_id=7","title":{"rendered":"Impressum"},"content":{"rendered":"<p>&nbsp;<\/p>\n<p align=\"LEFT\"><span style=\"font-family: comic sans ms,sans-serif;\">Impressum<\/span><\/p>\n<p align=\"LEFT\"><span style=\"font-family: comic sans ms,sans-serif;\">Angaben gem\u00e4\u00df \u00a7 5 TMG:<\/span><\/p>\n<p align=\"LEFT\"><span style=\"font-family: comic sans ms,sans-serif;\">Heike Heichler<\/span><\/p>\n<p align=\"LEFT\"><span style=\"font-family: comic sans ms,sans-serif;\">Wehlener Str. 7<\/span><\/p>\n<p align=\"LEFT\"><span style=\"font-family: comic sans ms,sans-serif;\">01796 Pirna<\/span><\/p>\n<p align=\"LEFT\"><span style=\"font-family: comic sans ms,sans-serif;\">Kontakt:<\/span><\/p>\n<p align=\"LEFT\"><span style=\"font-family: comic sans ms,sans-serif;\">Telefon: +49 (0) 3501 470746<\/span><\/p>\n<p align=\"LEFT\"><span style=\"font-family: comic sans ms,sans-serif;\">Telefax: +49 (0) 3501 470749<\/span><\/p>\n<p align=\"LEFT\"><span style=\"font-family: comic sans ms,sans-serif;\">E-Mail: Heike@Leo-vom-Castellum-Muetal.de<\/span><\/p>\n<p align=\"LEFT\"><span style=\"font-family: comic sans ms,sans-serif;\">Haftung f\u00fcr Inhalte<\/span><\/p>\n<p align=\"LEFT\"><span style=\"font-family: comic sans ms,sans-serif;\">Als Diensteanbieter sind wir gem\u00e4\u00df \u00a7 7 Abs.1 TMG f\u00fcr eigene Inhalte auf diesen Seiten nach den<\/span><\/p>\n<p align=\"LEFT\"><span style=\"font-family: comic sans ms,sans-serif;\">allgemeinen Gesetzen verantwortlich. Nach \u00a7\u00a7 8 bis 10 TMG sind wir als Diensteanbieter jedoch nicht<\/span><\/p>\n<p align=\"LEFT\"><span style=\"font-family: comic sans ms,sans-serif;\">verpflichtet, \u00fcbermittelte oder gespeicherte fremde Informationen zu \u00fcberwachen oder nach Umst\u00e4nden<\/span><\/p>\n<p align=\"LEFT\"><span style=\"font-family: comic sans ms,sans-serif;\">zu forschen, die auf eine rechtswidrige T\u00e4tigkeit hinweisen.<\/span><\/p>\n<p align=\"LEFT\"><span style=\"font-family: comic sans ms,sans-serif;\">Verpflichtungen zur Entfernung oder Sperrung der Nutzung von Informationen nach den allgemeinen<\/span><\/p>\n<p align=\"LEFT\"><span style=\"font-family: comic sans ms,sans-serif;\">Gesetzen bleiben hiervon unber\u00fchrt. Eine diesbez\u00fcgliche Haftung ist jedoch erst ab dem Zeitpunkt der<\/span><\/p>\n<p align=\"LEFT\"><span style=\"font-family: comic sans ms,sans-serif;\">Kenntnis einer konkreten Rechtsverletzung m\u00f6glich. Bei Bekanntwerden von entsprechenden<\/span><\/p>\n<p align=\"LEFT\"><span style=\"font-family: comic sans ms,sans-serif;\">Rechtsverletzungen werden wir diese Inhalte umgehend entfernen.<\/span><\/p>\n<p align=\"LEFT\"><span style=\"font-family: comic sans ms,sans-serif;\">Haftung f\u00fcr Links<\/span><\/p>\n<p align=\"LEFT\"><span style=\"font-family: comic sans ms,sans-serif;\">Unser Angebot enth\u00e4lt Links zu externen Websites Dritter, auf deren Inhalte wir keinen Einfluss haben.<\/span><\/p>\n<p align=\"LEFT\"><span style=\"font-family: comic sans ms,sans-serif;\">Deshalb k\u00f6nnen wir f\u00fcr diese fremden Inhalte auch keine Gew\u00e4hr \u00fcbernehmen. F\u00fcr die Inhalte der<\/span><\/p>\n<p align=\"LEFT\"><span style=\"font-family: comic sans ms,sans-serif;\">verlinkten Seiten ist stets der jeweilige Anbieter oder Betreiber der Seiten verantwortlich. Die verlinkten<\/span><\/p>\n<p align=\"LEFT\"><span style=\"font-family: comic sans ms,sans-serif;\">Seiten wurden zum Zeitpunkt der Verlinkung auf m\u00f6gliche Rechtsverst\u00f6\u00dfe \u00fcberpr\u00fcft. Rechtswidrige<\/span><\/p>\n<p align=\"LEFT\"><span style=\"font-family: comic sans ms,sans-serif;\">Inhalte waren zum Zeitpunkt der Verlinkung nicht erkennbar.<\/span><\/p>\n<p align=\"LEFT\"><span style=\"font-family: comic sans ms,sans-serif;\">Eine permanente inhaltliche Kontrolle der verlinkten Seiten ist jedoch ohne konkrete Anhaltspunkte einer<\/span><\/p>\n<p align=\"LEFT\"><span style=\"font-family: comic sans ms,sans-serif;\">Rechtsverletzung nicht zumutbar. Bei Bekanntwerden von Rechtsverletzungen werden wir derartige Links<\/span><\/p>\n<p align=\"LEFT\"><span style=\"font-family: comic sans ms,sans-serif;\">umgehend entfernen.<\/span><\/p>\n<p align=\"LEFT\"><span style=\"font-family: comic sans ms,sans-serif;\">Urheberrecht<\/span><\/p>\n<p align=\"LEFT\"><span style=\"font-family: comic sans ms,sans-serif;\">Die durch die Seitenbetreiber erstellten Inhalte und Werke auf diesen Seiten unterliegen dem deutschen<\/span><\/p>\n<p align=\"LEFT\"><span style=\"font-family: comic sans ms,sans-serif;\">Urheberrecht. Die Vervielf\u00e4ltigung, Bearbeitung, Verbreitung und jede Art der Verwertung au\u00dferhalb der<\/span><\/p>\n<p align=\"LEFT\"><span style=\"font-family: comic sans ms,sans-serif;\">Grenzen des Urheberrechtes bed\u00fcrfen der schriftlichen Zustimmung des jeweiligen Autors bzw.<\/span><\/p>\n<p align=\"LEFT\"><span style=\"font-family: comic sans ms,sans-serif;\">Erstellers. Downloads und Kopien dieser Seite sind nur f\u00fcr den privaten, nicht kommerziellen Gebrauch<\/span><\/p>\n<p align=\"LEFT\"><span style=\"font-family: comic sans ms,sans-serif;\">gestattet.<\/span><\/p>\n<p align=\"LEFT\"><span style=\"font-family: comic sans ms,sans-serif;\">Soweit die Inhalte auf dieser Seite nicht vom Betreiber erstellt wurden, werden die Urheberrechte Dritter<\/span><\/p>\n<p align=\"LEFT\"><span style=\"font-family: comic sans ms,sans-serif;\">beachtet. Insbesondere werden Inhalte Dritter als solche gekennzeichnet. Sollten Sie trotzdem auf eine<\/span><\/p>\n<p align=\"LEFT\"><span style=\"font-family: comic sans ms,sans-serif;\">Urheberrechtsverletzung aufmerksam werden, bitten wir um einen entsprechenden Hinweis. Bei<\/span><\/p>\n<p align=\"LEFT\"><span style=\"font-family: comic sans ms,sans-serif;\">Bekanntwerden von Rechtsverletzungen werden wir derartige Inhalte umgehend entfernen.<\/span><\/p>\n<p><span style=\"font-family: comic sans ms,sans-serif;\"><span style=\"font-size: medium;\">Quelle: <\/span><span style=\"color: #0000cd; font-size: medium;\">https:\/\/www.e-recht24.de<\/span><\/span><\/p>\n<p>&nbsp;<\/p>\n","protected":false},"excerpt":{"rendered":"<p>&nbsp; Impressum Angaben gem\u00e4\u00df \u00a7 5 TMG: Heike Heichler Wehlener Str. 7 01796 Pirna Kontakt: Telefon: +49 (0) 3501 470746 Telefax: +49 (0) 3501 470749 E-Mail: Heike@Leo-vom-Castellum-Muetal.de Haftung f\u00fcr Inhalte Als Diensteanbieter sind wir gem\u00e4\u00df \u00a7 7 Abs.1 TMG f\u00fcr eigene Inhalte auf diesen Seiten nach den allgemeinen Gesetzen verantwortlich. Nach \u00a7\u00a7 8 bis 10 &hellip; <a href=\"http:\/\/leo-vom-castellum-muetal.de\/?page_id=7\" class=\"more-link\"><span class=\"screen-reader-text\">&#8222;Impressum&#8220; <\/span>weiterlesen<\/a><\/p>\n","protected":false},"author":1,"featured_media":0,"parent":0,"menu_order":0,"comment_status":"closed","ping_status":"closed","template":"","meta":[],"_links":{"self":[{"href":"http:\/\/leo-vom-castellum-muetal.de\/index.php?rest_route=\/wp\/v2\/pages\/7"}],"collection":[{"href":"http:\/\/leo-vom-castellum-muetal.de\/index.php?rest_route=\/wp\/v2\/pages"}],"about":[{"href":"http:\/\/leo-vom-castellum-muetal.de\/index.php?rest_route=\/wp\/v2\/types\/page"}],"author":[{"embeddable":true,"href":"http:\/\/leo-vom-castellum-muetal.de\/index.php?rest_route=\/wp\/v2\/users\/1"}],"replies":[{"embeddable":true,"href":"http:\/\/leo-vom-castellum-muetal.de\/index.php?rest_route=%2Fwp%2Fv2%2Fcomments&post=7"}],"version-history":[{"count":6,"href":"http:\/\/leo-vom-castellum-muetal.de\/index.php?rest_route=\/wp\/v2\/pages\/7\/revisions"}],"predecessor-version":[{"id":80,"href":"http:\/\/leo-vom-castellum-muetal.de\/index.php?rest_route=\/wp\/v2\/pages\/7\/revisions\/80"}],"wp:attachment":[{"href":"http:\/\/leo-vom-castellum-muetal.de\/index.php?rest_route=%2Fwp%2Fv2%2Fmedia&parent=7"}],"curies":[{"name":"wp","href":"https:\/\/api.w.org\/{rel}","templated":true}]}}